{"id":691,"date":"2023-04-18T12:33:29","date_gmt":"2023-04-18T17:33:29","guid":{"rendered":"https:\/\/shop.cammodelagency.com\/?post_type=product&#038;p=691"},"modified":"2024-04-01T13:59:54","modified_gmt":"2024-04-01T18:59:54","slug":"small-boobs-captions","status":"publish","type":"product","link":"https:\/\/subtomy.com\/sl\/izdelek\/napisi-za-majhne-prsi\/","title":{"rendered":"100+ napisov za majhne jo\u0161ke za OnlyFans, Reddit, dru\u017ebene medije itd."},"content":{"rendered":"<p>Predstavljamo najbolj\u0161o re\u0161itev za modele OnlyFans z majhnimi prsmi, ki \u017eelijo izbolj\u0161ati svojo prisotnost v dru\u017eabnih medijih in privabiti ve\u010d sledilcev: paket napisov Small Boobs za dru\u017eabne medije. Ta paket je zasnovan posebej za modele, ki \u017eelijo predstaviti svojo edinstveno lepoto in prednosti na na\u010din, ki je hkrati seksi in okusen.<\/p>\n<p>S paketom napisov za dru\u017ebene medije za majhne prsi boste prejeli vrsto po meri oblikovanih napisov, ki so prilagojeni potrebam modelov z majhnimi prsmi. Ti napisi so privla\u010dni, pritegnejo pozornost in so skrbno oblikovani tako, da poudarijo va\u0161e prednosti v najbolj\u0161i mo\u017eni lu\u010di. Od igrivih enovrsti\u010dnic do vpra\u0161anj, ki spodbujajo k razmi\u0161ljanju, na\u0161i napisi vam bodo pomagali izstopati iz mno\u017eice ter pritegniti zveste in zavzete sledilce.<\/p>\n<p>Na\u0161a ekipa izku\u0161enih strokovnjakov za dru\u017ebene medije se zaveda izzivov, s katerimi se soo\u010dajo modeli z majhnimi prsmi, zato je ta paket oblikovala z mislijo na va\u0161e potrebe. Vemo, kako poudariti va\u0161e obline in poskrbeti, da bodo va\u0161e majhne prsi videti kar najbolje, ne da bi se zatekali k nerealnim ali nedosegljivim standardom lepote.<\/p>\n<p>Ne glede na to, ali \u0161ele za\u010denjate na portalu OnlyFans ali \u017eelite svoje podjetje dvigniti na vi\u0161jo raven, je BBW Social Media Caption Pack odli\u010dno orodje za pove\u010danje va\u0161e prepoznavnosti in privabljanje ve\u010d sledilcev. Z na\u0161o celovito strategijo dru\u017eabnih medijev boste lahko zgradili mo\u010dne in anga\u017eirane sledilce, ki cenijo va\u0161o edinstveno lepoto in podpirajo va\u0161 uspeh.<\/p>\n<p><strong>Primeri:<\/strong><\/p>\n<ul>\n<li><span data-sheets-value=\"{&quot;1&quot;:2,&quot;2&quot;:&quot;Don't you wish you could \ud83e\udd24feel my petite boobies? I'm getting so horny just thinking about it \ud83d\ude0f. Slide into my DMs and let's explore the possibilities together! &quot;}\" data-sheets-userformat=\"{&quot;2&quot;:14656,&quot;9&quot;:0,&quot;11&quot;:4,&quot;14&quot;:{&quot;1&quot;:2,&quot;2&quot;:0},&quot;15&quot;:&quot;Verdana&quot;,&quot;16&quot;:11}\">Si ne \u017eelite, da bi lahko \ud83e\udd24ob\u010dutili moje drobne jo\u0161ke? \u017de ob misli na to postajam tako vzburjena \ud83d\ude0f. Vstopi v moje DM-je in skupaj raziskujmo mo\u017enosti! <\/span><\/li>\n<li><span data-sheets-value=\"{&quot;1&quot;:2,&quot;2&quot;:&quot;Gorgeous \ud83d\udd25 and oh-so-sexy small boob goddess here! Who's ready to get naughty with me? \ud83d\ude09 DM me if you wanna chat, I'm feeling extra horny today. #SmallBoobs #SexyAF #ComePlayWithMe&quot;}\" data-sheets-userformat=\"{&quot;2&quot;:8961,&quot;3&quot;:{&quot;1&quot;:0},&quot;11&quot;:4,&quot;12&quot;:0,&quot;16&quot;:12}\">\u010cudovita \ud83d\udd25 in tako seksi boginja z majhnimi prsmi! Kdo je pripravljen, da se z mano poigra? \ud83d\ude09 DM me, \u010de \u017eeli\u0161 klepetati, danes se po\u010dutim zelo pohotno. #SmallBoobs #SexyAF #ComePlayWithMe<\/span><\/li>\n<li><span data-sheets-value=\"{&quot;1&quot;:2,&quot;2&quot;:&quot;Shoulders back, small boobs out! \ud83e\udd29 Come talk to me and let's get a little naughty. I'm feeling extra horny tonight, so let's make it an unforgettable night for us both. &quot;}\" data-sheets-userformat=\"{&quot;2&quot;:14656,&quot;9&quot;:0,&quot;11&quot;:4,&quot;14&quot;:{&quot;1&quot;:2,&quot;2&quot;:0},&quot;15&quot;:&quot;Verdana&quot;,&quot;16&quot;:11}\">Ramena nazaj, majhne prsi ven! \ud83e\udd29 Pridite in se pogovorite z mano, da se malo poigramo. Danes se po\u010dutim izjemno pohotno, zato naj bo to nepozabna no\u010d za naju oba.<\/span><\/li>\n<\/ul>\n<p>Zakaj torej \u010dakati? Naro\u010dite paket napisov za dru\u017ebene medije Small Boobs \u0161e danes in dvignite svoj posel OnlyFans na naslednjo raven. Z na\u0161imi strokovnimi napotki in strokovnimi viri boste lahko ponosno predstavili svoje majhne prsi in pritegnili ob\u010dinstvo, ki si ga zaslu\u017eite.<\/p>","protected":false},"excerpt":{"rendered":"<p>Predstavljamo najbolj\u0161o re\u0161itev za modele OnlyFans z majhnimi prsmi, ki \u017eelijo izbolj\u0161ati svojo prisotnost v dru\u017ebenih medijih in privabiti ve\u010d sledilcev! Primeri:<\/p>\n<p>Primeri:<\/p>\n<ul>\n<li><span data-sheets-value=\"{&quot;1&quot;:2,&quot;2&quot;:&quot;Don't you wish you could \ud83e\udd24feel my petite boobies? I'm getting so horny just thinking about it \ud83d\ude0f. Slide into my DMs and let's explore the possibilities together! &quot;}\" data-sheets-userformat=\"{&quot;2&quot;:14656,&quot;9&quot;:0,&quot;11&quot;:4,&quot;14&quot;:{&quot;1&quot;:2,&quot;2&quot;:0},&quot;15&quot;:&quot;Verdana&quot;,&quot;16&quot;:11}\">Si ne \u017eelite, da bi lahko \ud83e\udd24ob\u010dutili moje drobne jo\u0161ke? \u017de ob misli na to postajam tako vzburjena \ud83d\ude0f. Vstopi v moje DM-je in skupaj raziskujmo mo\u017enosti! <\/span><\/li>\n<li><span data-sheets-value=\"{&quot;1&quot;:2,&quot;2&quot;:&quot;Gorgeous \ud83d\udd25 and oh-so-sexy small boob goddess here! Who's ready to get naughty with me? \ud83d\ude09 DM me if you wanna chat, I'm feeling extra horny today. #SmallBoobs #SexyAF #ComePlayWithMe&quot;}\" data-sheets-userformat=\"{&quot;2&quot;:8961,&quot;3&quot;:{&quot;1&quot;:0},&quot;11&quot;:4,&quot;12&quot;:0,&quot;16&quot;:12}\">\u010cudovita \ud83d\udd25 in tako seksi boginja z majhnimi prsmi! Kdo je pripravljen, da se z mano poigra? \ud83d\ude09 DM me, \u010de \u017eeli\u0161 klepetati, danes se po\u010dutim zelo pohotno. #SmallBoobs #SexyAF #ComePlayWithMe<\/span><\/li>\n<li><span data-sheets-value=\"{&quot;1&quot;:2,&quot;2&quot;:&quot;Shoulders back, small boobs out! \ud83e\udd29 Come talk to me and let's get a little naughty. I'm feeling extra horny tonight, so let's make it an unforgettable night for us both. &quot;}\" data-sheets-userformat=\"{&quot;2&quot;:14656,&quot;9&quot;:0,&quot;11&quot;:4,&quot;14&quot;:{&quot;1&quot;:2,&quot;2&quot;:0},&quot;15&quot;:&quot;Verdana&quot;,&quot;16&quot;:11}\">Ramena nazaj, majhne prsi ven! \ud83e\udd29 Pridite in se pogovorite z mano, da se malo poigramo. Danes se po\u010dutim izjemno pohotno, zato naj bo to nepozabna no\u010d za naju oba. <\/span><\/li>\n<\/ul>","protected":false},"featured_media":2336,"comment_status":"open","ping_status":"closed","template":"","meta":[],"product_brand":[],"product_cat":[22],"product_tag":[36],"class_list":{"0":"post-691","1":"product","2":"type-product","3":"status-publish","4":"has-post-thumbnail","6":"product_cat-captions","7":"product_tag-small-boobs","8":"infinite-scroll-item","9":"no-featured-image-padding","10":"sales-flash-overlay","11":"woocommerce-text-align-center","12":"woocommerce-image-align-center","13":"wc-has-gallery","15":"first","16":"instock","17":"downloadable","18":"virtual","19":"sold-individually","20":"purchasable","21":"product-type-simple"},"aioseo_notices":[],"_links":{"self":[{"href":"https:\/\/subtomy.com\/sl\/wp-json\/wp\/v2\/product\/691","targetHints":{"allow":["GET"]}}],"collection":[{"href":"https:\/\/subtomy.com\/sl\/wp-json\/wp\/v2\/product"}],"about":[{"href":"https:\/\/subtomy.com\/sl\/wp-json\/wp\/v2\/types\/product"}],"replies":[{"embeddable":true,"href":"https:\/\/subtomy.com\/sl\/wp-json\/wp\/v2\/comments?post=691"}],"wp:featuredmedia":[{"embeddable":true,"href":"https:\/\/subtomy.com\/sl\/wp-json\/wp\/v2\/media\/2336"}],"wp:attachment":[{"href":"https:\/\/subtomy.com\/sl\/wp-json\/wp\/v2\/media?parent=691"}],"wp:term":[{"taxonomy":"product_brand","embeddable":true,"href":"https:\/\/subtomy.com\/sl\/wp-json\/wp\/v2\/product_brand?post=691"},{"taxonomy":"product_cat","embeddable":true,"href":"https:\/\/subtomy.com\/sl\/wp-json\/wp\/v2\/product_cat?post=691"},{"taxonomy":"product_tag","embeddable":true,"href":"https:\/\/subtomy.com\/sl\/wp-json\/wp\/v2\/product_tag?post=691"}],"curies":[{"name":"wp","href":"https:\/\/api.w.org\/{rel}","templated":true}]}}