{"id":695,"date":"2023-04-18T13:17:03","date_gmt":"2023-04-18T18:17:03","guid":{"rendered":"https:\/\/shop.cammodelagency.com\/?post_type=product&#038;p=695"},"modified":"2024-04-01T18:47:40","modified_gmt":"2024-04-01T23:47:40","slug":"bbw-captions","status":"publish","type":"product","link":"https:\/\/subtomy.com\/sl\/izdelek\/bbw-napisi\/","title":{"rendered":"100+ BBW napisov za dru\u017ebene medije, OnlyFans, Reddit itd."},"content":{"rendered":"<p>Predstavljamo vrhunsko re\u0161itev za modele BBW OnlyFans, ki \u017eelijo izbolj\u0161ati svojo prisotnost v dru\u017eabnih medijih in privabiti ve\u010d sledilcev: paket napisov za dru\u017eabne medije BBW. Ta paket je zasnovan posebej za modele, ki \u017eelijo predstaviti svojo edinstveno lepoto in prednosti na na\u010din, ki je hkrati seksi in daje mo\u010d.<\/p>\n<p>S paketom BBW Social Media Caption Pack prejmete vrsto po meri oblikovanih napisov, ki so prilagojeni potrebam modelov BBW. Na\u0161i napisi so privla\u010dni, pritegnejo pozornost in so skrbno oblikovani tako, da poudarijo va\u0161e prednosti v najbolj\u0161i mo\u017eni lu\u010di. Od igrivih enovrsti\u010dnic do vpra\u0161anj, ki spodbujajo razmi\u0161ljanje, na\u0161i napisi so zasnovani tako, da spro\u017eijo pogovor in vzpostavijo globlji stik z va\u0161imi obo\u017eevalci.<\/p>\n<p>Na\u0161a ekipa izku\u0161enih strokovnjakov za dru\u017ebene medije se zaveda izzivov, s katerimi se soo\u010dajo BBW modeli, in je ta paket oblikovala z mislijo na va\u0161e potrebe. Vemo, kako poudariti va\u0161e obline in vam omogo\u010diti, da se po\u010dutite samozavestno in seksi, ne da bi se zatekali k nerealnim ali nedosegljivim lepotnim standardom.<\/p>\n<p>Ne glede na to, ali \u0161ele za\u010denjate na portalu OnlyFans ali \u017eelite svoje podjetje dvigniti na vi\u0161jo raven, je BBW Social Media Caption Pack odli\u010dno orodje za pove\u010danje va\u0161e prepoznavnosti in privabljanje ve\u010d sledilcev. Z na\u0161o celovito strategijo dru\u017eabnih medijev boste lahko zgradili mo\u010dne in anga\u017eirane sledilce, ki cenijo va\u0161o edinstveno lepoto in podpirajo va\u0161 uspeh.<\/p>\n<p>Na\u0161i napisi pokrivajo razli\u010dne teme, med drugim to, da smo debeli, da se \u017eelimo pogovarjati z obo\u017eevalci in da smo pohotni. Zavedamo se, da so to pomembni elementi manekenske industrije BBW, zato smo ustvarili napise, ki te teme obravnavajo na okusen in privla\u010den na\u010din.<\/p>\n<p><strong>Primeri vklju\u010dujejo<\/strong><\/p>\n<ul>\n<li><span data-sheets-value=\"{&quot;1&quot;:2,&quot;2&quot;:&quot;What are you waiting for? \ud83d\udd25\ud83e\udd24 I'm a thick BBW who loves to talk naughty with my fans. Come get your fill of all this juicy goodness, you won't regret it! \ud83d\ude09 &quot;}\" data-sheets-userformat=\"{&quot;2&quot;:14656,&quot;9&quot;:0,&quot;11&quot;:4,&quot;14&quot;:{&quot;1&quot;:2,&quot;2&quot;:0},&quot;15&quot;:&quot;Verdana&quot;,&quot;16&quot;:11}\">Na kaj \u0161e \u010dakate? \ud83d\udd25\ud83e\udd24 Sem debela BBW, ki se rada pogovarja poredno s svojimi obo\u017eevalci. Pridite in se nasitite vseh teh so\u010dnih dobrot, ne bo vam \u017eal! \ud83d\ude09 <\/span><\/li>\n<li><span data-sheets-value=\"{&quot;1&quot;:2,&quot;2&quot;:&quot;Stunningly thick and oh so ready to talk \ud83d\udc45 DM me for a naughty chat. I'm feeling some major \ud83d\udd25\ud83d\udd25 tonight - let's share it together! &quot;}\" data-sheets-userformat=\"{&quot;2&quot;:14656,&quot;9&quot;:0,&quot;11&quot;:4,&quot;14&quot;:{&quot;1&quot;:2,&quot;2&quot;:0},&quot;15&quot;:&quot;Verdana&quot;,&quot;16&quot;:11}\">Osupljivo debela in tako pripravljena na pogovor \ud83d\udc45 DM me za poreden klepet. Nocoj \u010dutim nekaj velikega \ud83d\udd25\ud83d\udd25\ud83d\udd25 - delimo ga skupaj! <\/span><\/li>\n<li><span data-sheets-value=\"{&quot;1&quot;:2,&quot;2&quot;:&quot;More curves than you can handle \ud83e\udd24 Thick thighs, juicy booty, and ready to get naughty! Come explore my world and let's have some fun \ud83d\udd25 &quot;}\" data-sheets-userformat=\"{&quot;2&quot;:14656,&quot;9&quot;:0,&quot;11&quot;:4,&quot;14&quot;:{&quot;1&quot;:2,&quot;2&quot;:0},&quot;15&quot;:&quot;Verdana&quot;,&quot;16&quot;:11}\">Ve\u010d oblin, kot jih lahko prenese\u0161 \ud83e\udd24 Debela stegna, so\u010den oprsje in pripravljena na poredne u\u017eitke! Pridi raziskat moj svet in se zabavajmo \ud83d\udd25<\/span><\/li>\n<\/ul>\n<p>Zakaj torej \u010dakati? Naro\u010dite paket BBW Social Media Caption Pack \u0161e danes in dvignite svoj posel OnlyFans na vi\u0161jo raven. Z na\u0161imi strokovnimi napotki in profesionalnimi viri boste lahko ponosno predstavili svojo lepoto in prednosti ter pritegnili ob\u010dinstvo, ki si ga zaslu\u017eite.<\/p>","protected":false},"excerpt":{"rendered":"<p>Predstavljamo vrhunsko re\u0161itev za modele BBW OnlyFans, ki \u017eelijo izbolj\u0161ati svojo prisotnost v dru\u017ebenih medijih in privabiti ve\u010d sledilcev!<\/p>\n<p>Primeri vklju\u010dujejo<\/p>\n<ul>\n<li><span data-sheets-value=\"{&quot;1&quot;:2,&quot;2&quot;:&quot;What are you waiting for? \ud83d\udd25\ud83e\udd24 I'm a thick BBW who loves to talk naughty with my fans. Come get your fill of all this juicy goodness, you won't regret it! \ud83d\ude09 &quot;}\" data-sheets-userformat=\"{&quot;2&quot;:14656,&quot;9&quot;:0,&quot;11&quot;:4,&quot;14&quot;:{&quot;1&quot;:2,&quot;2&quot;:0},&quot;15&quot;:&quot;Verdana&quot;,&quot;16&quot;:11}\">Na kaj \u0161e \u010dakate? \ud83d\udd25\ud83e\udd24 Sem debela BBW, ki se rada pogovarja poredno s svojimi obo\u017eevalci. Pridite in se nasitite vseh teh so\u010dnih dobrot, ne bo vam \u017eal! \ud83d\ude09 <\/span><\/li>\n<li><span data-sheets-value=\"{&quot;1&quot;:2,&quot;2&quot;:&quot;Stunningly thick and oh so ready to talk \ud83d\udc45 DM me for a naughty chat. I'm feeling some major \ud83d\udd25\ud83d\udd25 tonight - let's share it together! &quot;}\" data-sheets-userformat=\"{&quot;2&quot;:14656,&quot;9&quot;:0,&quot;11&quot;:4,&quot;14&quot;:{&quot;1&quot;:2,&quot;2&quot;:0},&quot;15&quot;:&quot;Verdana&quot;,&quot;16&quot;:11}\">Osupljivo debela in tako pripravljena na pogovor \ud83d\udc45 DM me za poreden klepet. Nocoj \u010dutim nekaj velikega \ud83d\udd25\ud83d\udd25\ud83d\udd25 - delimo ga skupaj! <\/span><\/li>\n<li><span data-sheets-value=\"{&quot;1&quot;:2,&quot;2&quot;:&quot;More curves than you can handle \ud83e\udd24 Thick thighs, juicy booty, and ready to get naughty! Come explore my world and let's have some fun \ud83d\udd25 &quot;}\" data-sheets-userformat=\"{&quot;2&quot;:14656,&quot;9&quot;:0,&quot;11&quot;:4,&quot;14&quot;:{&quot;1&quot;:2,&quot;2&quot;:0},&quot;15&quot;:&quot;Verdana&quot;,&quot;16&quot;:11}\">Ve\u010d oblin, kot jih lahko prenese\u0161 \ud83e\udd24 Debela stegna, so\u010den oprsje in pripravljena na poredne u\u017eitke! Pridi raziskat moj svet in se zabavajmo \ud83d\udd25 <\/span><\/li>\n<\/ul>","protected":false},"featured_media":2340,"comment_status":"open","ping_status":"closed","template":"","meta":[],"product_brand":[],"product_cat":[22],"product_tag":[18],"class_list":{"0":"post-695","1":"product","2":"type-product","3":"status-publish","4":"has-post-thumbnail","6":"product_cat-captions","7":"product_tag-bbw","8":"infinite-scroll-item","9":"no-featured-image-padding","10":"sales-flash-overlay","11":"woocommerce-text-align-center","12":"woocommerce-image-align-center","13":"wc-has-gallery","15":"first","16":"instock","17":"downloadable","18":"virtual","19":"sold-individually","20":"purchasable","21":"product-type-simple"},"aioseo_notices":[],"_links":{"self":[{"href":"https:\/\/subtomy.com\/sl\/wp-json\/wp\/v2\/product\/695","targetHints":{"allow":["GET"]}}],"collection":[{"href":"https:\/\/subtomy.com\/sl\/wp-json\/wp\/v2\/product"}],"about":[{"href":"https:\/\/subtomy.com\/sl\/wp-json\/wp\/v2\/types\/product"}],"replies":[{"embeddable":true,"href":"https:\/\/subtomy.com\/sl\/wp-json\/wp\/v2\/comments?post=695"}],"wp:featuredmedia":[{"embeddable":true,"href":"https:\/\/subtomy.com\/sl\/wp-json\/wp\/v2\/media\/2340"}],"wp:attachment":[{"href":"https:\/\/subtomy.com\/sl\/wp-json\/wp\/v2\/media?parent=695"}],"wp:term":[{"taxonomy":"product_brand","embeddable":true,"href":"https:\/\/subtomy.com\/sl\/wp-json\/wp\/v2\/product_brand?post=695"},{"taxonomy":"product_cat","embeddable":true,"href":"https:\/\/subtomy.com\/sl\/wp-json\/wp\/v2\/product_cat?post=695"},{"taxonomy":"product_tag","embeddable":true,"href":"https:\/\/subtomy.com\/sl\/wp-json\/wp\/v2\/product_tag?post=695"}],"curies":[{"name":"wp","href":"https:\/\/api.w.org\/{rel}","templated":true}]}}