{"id":1136,"date":"2023-05-11T20:21:26","date_gmt":"2023-05-12T01:21:26","guid":{"rendered":"https:\/\/subtomy.com\/?post_type=product&#038;p=1136"},"modified":"2024-03-02T21:54:02","modified_gmt":"2024-03-03T02:54:02","slug":"beta-humiliation-scripts","status":"publish","type":"product","link":"https:\/\/subtomy.com\/sv\/produkt\/beta-humiliation-skript\/","title":{"rendered":"5 Beta Betala Gris F\u00f6rnedring Findom\/Finansiell Dominans Manuspaket"},"content":{"rendered":"<p>H\u00e4mta manus f\u00f6r f\u00f6ljande scenarier f\u00f6r f\u00f6rnedring av betam\u00e4n:<\/p>\n<ul>\n<li><strong>Att f\u00e5 en betaman att betala f\u00f6r sin otillr\u00e4cklighet<\/strong> - Kr\u00e4v att betahannen betalar en avgift f\u00f6r att han inte kan uppfylla sina ekonomiska krav. Uppr\u00e4tta en betalningsplan och kr\u00e4v regelbundna betalningar fr\u00e5n betahannen, p\u00e5minn dem om deras otillr\u00e4cklighet och of\u00f6rm\u00e5ga att tillfredsst\u00e4lla sin \u00f6verordnade.<\/li>\n<li><strong>F\u00f6r\u00f6dmjuka en betahanne f\u00f6r hans brist p\u00e5 ekonomisk framg\u00e5ng<\/strong> - H\u00e5na och f\u00f6rringa betahannen f\u00f6r att han inte kan ge tillr\u00e4ckligt med pengar f\u00f6r att tillfredsst\u00e4lla dominantens behov och \u00f6nskem\u00e5l. Hota med att avsl\u00f6ja betahannens ekonomiska situation f\u00f6r andra f\u00f6r att \u00f6ka f\u00f6r\u00f6dmjukelsen.<\/li>\n<li><strong>Att kl\u00e4 av en betahanne f\u00f6r hans underl\u00e4gsenhet<\/strong> - F\u00e5 betahannen att kl\u00e4 sig i f\u00f6rnedrande kl\u00e4der eller utf\u00f6ra f\u00f6rnedrande uppgifter. Betahannen m\u00e5ste b\u00e4ra billiga eller oattraktiva kl\u00e4der medan den dominante visar upp sin rikedom och lyxartiklar.<\/li>\n<li><strong>Offentlig f\u00f6rnedring av en betahanne<\/strong> - Kr\u00e4v att beta utf\u00f6r f\u00f6rnedrande handlingar offentligt, t.ex. att b\u00e4ra en skylt som f\u00f6rklarar deras underl\u00e4gsenhet eller tvinga dem att tigga pengar p\u00e5 gatan. F\u00f6r\u00f6dmjukelsen kan f\u00f6rst\u00e4rkas av n\u00e4rvaron av andra m\u00e4nniskor, som kan bevittna betaens otillr\u00e4cklighet.<\/li>\n<li><strong>Finansiell dominans \u00f6ver en betamans bankkonto\u00a0<\/strong>- Du vet vad som h\u00e4nder h\u00e4r!<\/li>\n<\/ul>\n<p><em>Du ser p\u00e5 n\u00e4r betahannen kn\u00e4b\u00f6jer framf\u00f6r dig. Hans huvud h\u00e4nger l\u00e5gt, hans ansikte \u00e4r en mask av skam och f\u00f6r\u00f6dmjukelse. Han \u00e4r h\u00e4r f\u00f6r att han misslyckades med att uppfylla dina ekonomiska eller andra f\u00f6rv\u00e4ntningar och nu m\u00e5ste ta konsekvenserna. Du njuter av detta \u00f6gonblick, njuter av hans servilitet.<\/em><\/p>\n<p><em>\"Du kan inte m\u00e4ta dig\", s\u00e4ger du till honom med f\u00f6rakt, \"s\u00e5 nu m\u00e5ste du betala.\" Betahannen r\u00f6r sig obekv\u00e4mt men svarar dig inte; han vet b\u00e4ttre \u00e4n att argumentera mot din \u00f6verl\u00e4gsenhet. Dina \u00f6gon dr\u00f6jer sig kvar p\u00e5 honom som om du utmanade honom att g\u00f6ra n\u00e5got \u00e5t det, vad som helst. Men ingenting kommer fr\u00e5n honom f\u00f6rutom att han accepterar vad som p\u00e5g\u00e5r mellan er, en f\u00f6rst\u00e5else f\u00f6r att pengar kommer att bytas mot f\u00f6r\u00f6dmjukelse och f\u00f6rnedring idag.<\/em><\/p>\n<p><em>Han \u00f6ppnar sin pl\u00e5nbok och \u00f6verl\u00e4mnar kontanter - mycket mindre \u00e4n vad som kr\u00e4vdes av dina findom-tj\u00e4nster, men \u00e4nd\u00e5 mer \u00e4n tillr\u00e4ckligt med tanke p\u00e5 hur v\u00e4rdel\u00f6s han \u00e4r j\u00e4mf\u00f6rt med dig sj\u00e4lv - vilket f\u00e5r ett n\u00f6jt flin att komma \u00f6ver dina l\u00e4ppar. Den h\u00e4r tiden har varit v\u00e4l v\u00e4rd det hittills, men mer roligt finns fortfarande kvar!<\/em><\/p>\n<p><em>Du pekar best\u00e4mt mot marken d\u00e4r mynten l\u00e5g utspridda tidigare under en av dina uppvisningar av \u00f6verl\u00e4gsenhet och kr\u00e4ver att varje mynt ska plockas upp individuellt tills de alla \u00e4r borta ur sikte igen. Betahannen f\u00f6ljer ocks\u00e5 lydigt denna beg\u00e4ran, och kryper tyst ihop vid varje r\u00f6relse som g\u00f6rs trots att han mycket v\u00e4l vet att olydnad skulle resultera i \u00e4nnu h\u00e5rdare bestraffningar senare.<\/em><\/p>\n<p><em>N\u00e4r alla mynt \u00e4ntligen har samlats in v\u00e4nds dock deras uppm\u00e4rksamhet bort fr\u00e5n dem och mot dig ist\u00e4llet - ivrigt v\u00e4ntande p\u00e5 n\u00e5gon annan riktning eller order som ges h\u00e4rn\u00e4st...<\/em><\/p>","protected":false},"excerpt":{"rendered":"<p>F\u00e5 omedelbar tillg\u00e5ng till 5 manus f\u00f6r f\u00f6rnedring av betahannar! 1 344 guldord som kan skr\u00e4ddarsys f\u00f6r b\u00e5de videoinspelningar och virtuella m\u00f6ten p\u00e5 tu man hand.<\/p>\n<p>Vad v\u00e4ntar du p\u00e5? Uppgradera ditt dominansspel just nu.<\/p>","protected":false},"featured_media":2257,"comment_status":"closed","ping_status":"closed","template":"","meta":[],"product_brand":[],"product_cat":[47],"product_tag":[28],"class_list":{"0":"post-1136","1":"product","2":"type-product","3":"status-publish","4":"has-post-thumbnail","6":"product_cat-scripts","7":"product_tag-findom","8":"infinite-scroll-item","9":"no-featured-image-padding","10":"sales-flash-overlay","11":"woocommerce-text-align-center","12":"woocommerce-image-align-center","13":"wc-has-gallery","15":"first","16":"instock","17":"downloadable","18":"virtual","19":"sold-individually","20":"purchasable","21":"product-type-simple"},"aioseo_notices":[],"_links":{"self":[{"href":"https:\/\/subtomy.com\/sv\/wp-json\/wp\/v2\/product\/1136","targetHints":{"allow":["GET"]}}],"collection":[{"href":"https:\/\/subtomy.com\/sv\/wp-json\/wp\/v2\/product"}],"about":[{"href":"https:\/\/subtomy.com\/sv\/wp-json\/wp\/v2\/types\/product"}],"replies":[{"embeddable":true,"href":"https:\/\/subtomy.com\/sv\/wp-json\/wp\/v2\/comments?post=1136"}],"wp:featuredmedia":[{"embeddable":true,"href":"https:\/\/subtomy.com\/sv\/wp-json\/wp\/v2\/media\/2257"}],"wp:attachment":[{"href":"https:\/\/subtomy.com\/sv\/wp-json\/wp\/v2\/media?parent=1136"}],"wp:term":[{"taxonomy":"product_brand","embeddable":true,"href":"https:\/\/subtomy.com\/sv\/wp-json\/wp\/v2\/product_brand?post=1136"},{"taxonomy":"product_cat","embeddable":true,"href":"https:\/\/subtomy.com\/sv\/wp-json\/wp\/v2\/product_cat?post=1136"},{"taxonomy":"product_tag","embeddable":true,"href":"https:\/\/subtomy.com\/sv\/wp-json\/wp\/v2\/product_tag?post=1136"}],"curies":[{"name":"wp","href":"https:\/\/api.w.org\/{rel}","templated":true}]}}