{"id":1540,"date":"2023-05-24T16:39:17","date_gmt":"2023-05-24T21:39:17","guid":{"rendered":"https:\/\/subtomy.com\/?post_type=product&#038;p=1540"},"modified":"2024-03-02T22:05:11","modified_gmt":"2024-03-03T03:05:11","slug":"findom-question-pack","status":"publish","type":"product","link":"https:\/\/subtomy.com\/sv\/produkt\/findom-fragepaket\/","title":{"rendered":"Findom 100-fr\u00e5gepaket f\u00f6r OnlyFans, Loyalfans, Reddit, Twitter, etc."},"content":{"rendered":"<h3 style=\"text-align: center;\">Vi presenterar FinDom-paketet med 100 fr\u00e5gor: Sl\u00e4pp loss din finansiella dominans<\/h3>\n<p>Kallar alla finansiella dominanter! \u00c4r du redo att \u00f6ka din kontroll, f\u00e4ngsla din publik och se till att dina kunder l\u00e4ngtar efter din finansiella dominans som aldrig f\u00f6rr? Ta steget in i rampljuset med FinDom 100-Question Pack, ett kraftfullt verktyg utformat f\u00f6r plattformar som OnlyFans, Loyalfans, Reddit, Twitter och andra sociala mediekanaler.<\/p>\n<ol>\n<li><strong>Dominera din marknad<\/strong>: Skaffa dig en konkurrensf\u00f6rdel inom finansiell dominans med detta noggrant sammanst\u00e4llda fr\u00e5gepaket. F\u00e4ngsla din publik, locka nya kunder och l\u00e4mna ett outpl\u00e5nligt m\u00e4rke p\u00e5 dina befintliga kunder n\u00e4r du utan anstr\u00e4ngning tar hand om deras \u00f6nskningar.<\/li>\n<li><strong>T\u00e4nd deras \u00f6nskan<\/strong>: Sl\u00e4pp l\u00f6s en virvelvind av k\u00e4nslor och v\u00e4ck dina f\u00f6ljares om\u00e4ttliga \u00f6nskan om ekonomisk underkastelse. Varje fr\u00e5ga \u00e4r utformad med precision f\u00f6r att framkalla intensiv f\u00f6rv\u00e4ntan, l\u00e4ngtan och ett \u00f6verv\u00e4ldigande behov av att uppfylla deras djupaste ekonomiska fantasier.<\/li>\n<li><strong>\u00d6ka kundinvesteringarna<\/strong>: Ta med dina kunder p\u00e5 en resa d\u00e4r n\u00f6je och utgifter g\u00e5r hand i hand. Genom att strategiskt utnyttja FinDom 100-fr\u00e5gepaketet kan du f\u00e5 dem att vilja investera mer och \u00f6ka deras \u00f6nskan att behaga och tj\u00e4na dig ekonomiskt.<\/li>\n<li><strong>Anpassa din strategi<\/strong>: Skr\u00e4ddarsy din fr\u00e5gestrategi s\u00e5 att den passar din individuella stil och dina preferenser. Oavsett om du f\u00f6redrar auktoritet eller subtil manipulation, ger dessa fr\u00e5gor dig m\u00f6jlighet att finjustera din strategi och s\u00e4kerst\u00e4lla maximal effekt vid varje interaktion.<\/li>\n<li><strong>Odla lojalitet<\/strong>: F\u00f6rdjupa kontakten med din befintliga kundbas genom att erbjuda dem en unik och uppslukande upplevelse. FinDom 100-Question Pack fr\u00e4mjar lojalitet, etablerar dig som den obestridliga auktoriteten inom finansiell dominans och uppmuntrar till \u00e5terkommande aff\u00e4rer.<\/li>\n<li><strong>F\u00f6rst\u00e4rk engagemanget<\/strong>: Uppmuntra dina f\u00f6ljare att aktivt engagera sig i ditt inneh\u00e5ll och dina diskussioner. Starta stimulerande konversationer, bjud in dem att dela sina \u00f6nskningar och gr\u00e4nser och skapa en gemenskap d\u00e4r finansiella undergivna och dominanter kan ansluta och st\u00f6dja varandra.<\/li>\n<li><strong>St\u00e4rk din dominans<\/strong>: Avsl\u00f6ja hemligheterna bakom oemotst\u00e5ndlig finansiell dominans och avsl\u00f6ja dina kunders dolda \u00f6nskningar. Med FinDom 100-fr\u00e5gepaketet som guide kan du visa upp din expertis, \u00f6ka f\u00f6rv\u00e4ntningarna och bef\u00e4sta din position som den dominerande kraft de l\u00e4ngtar efter.<\/li>\n<\/ol>\n<p>Sl\u00e4pp loss kraften i FinDom 100-fr\u00e5gepaketet och se hur din finansiella dominans n\u00e5r nya h\u00f6jder. Ta steget in i gr\u00e4nsl\u00f6s kontroll, o\u00f6vertr\u00e4ffad tillfredsst\u00e4llelse och en lojal kundbas som villigt underkastar sig din finansiella skicklighet.<\/p>","protected":false},"excerpt":{"rendered":"<p>Vi presenterar FinDom-paketet med 100 fr\u00e5gor: Sl\u00e4pp loss din finansiella dominans<\/p>\n<p>Kallar alla finansiella dominanter! \u00c4r du redo att \u00f6ka din kontroll, f\u00e4ngsla din publik och se till att dina kunder l\u00e4ngtar efter din finansiella dominans som aldrig f\u00f6rr? Ta steget in i rampljuset med FinDom 100-Question Pack, ett kraftfullt verktyg som utformats exklusivt f\u00f6r plattformar som OnlyFans, Loyalfans, Reddit, Twitter och andra sociala mediekanaler.<\/p>\n<ul>\n<li><em>Var vill du att jag ska st\u00e4lla min st\u00f6vel? \ud83c\udf86 Underkasta dig och betala f\u00f6r din f\u00f6rnedring nu, piggy! \ud83d\udcb8<\/em><\/li>\n<li><em>Vem vill vara min ekonomiska undergiven och g\u00f6ra vad som kr\u00e4vs \ud83d\udcb8f\u00f6r att g\u00f6ra mig lycklig? Jag \u00e4r redo att ta kontroll och f\u00f6r\u00f6dmjuka dig tills du inte kan l\u00e5ta bli att be om mer. \ud83d\ude08<\/em><\/li>\n<li><em>Vem \u00e4r redo att bli \ud83e\udd11\ud83d\udcb8tagen till det yttersta av sin sexiga Findom? \ud83d\udd25\u00c4r du villig att ge upp all kontroll och bli helt exponerad, f\u00f6r\u00f6dmjukad och satt p\u00e5 plats f\u00f6r mig? \ud83d\ude08<\/em><\/li>\n<\/ul>","protected":false},"featured_media":2259,"comment_status":"closed","ping_status":"closed","template":"","meta":[],"product_brand":[],"product_cat":[35],"product_tag":[28],"class_list":{"0":"post-1540","1":"product","2":"type-product","3":"status-publish","4":"has-post-thumbnail","6":"product_cat-question-packs","7":"product_tag-findom","8":"infinite-scroll-item","9":"no-featured-image-padding","10":"sales-flash-overlay","11":"woocommerce-text-align-center","12":"woocommerce-image-align-center","13":"wc-has-gallery","15":"first","16":"instock","17":"downloadable","18":"virtual","19":"sold-individually","20":"purchasable","21":"product-type-simple"},"aioseo_notices":[],"_links":{"self":[{"href":"https:\/\/subtomy.com\/sv\/wp-json\/wp\/v2\/product\/1540","targetHints":{"allow":["GET"]}}],"collection":[{"href":"https:\/\/subtomy.com\/sv\/wp-json\/wp\/v2\/product"}],"about":[{"href":"https:\/\/subtomy.com\/sv\/wp-json\/wp\/v2\/types\/product"}],"replies":[{"embeddable":true,"href":"https:\/\/subtomy.com\/sv\/wp-json\/wp\/v2\/comments?post=1540"}],"wp:featuredmedia":[{"embeddable":true,"href":"https:\/\/subtomy.com\/sv\/wp-json\/wp\/v2\/media\/2259"}],"wp:attachment":[{"href":"https:\/\/subtomy.com\/sv\/wp-json\/wp\/v2\/media?parent=1540"}],"wp:term":[{"taxonomy":"product_brand","embeddable":true,"href":"https:\/\/subtomy.com\/sv\/wp-json\/wp\/v2\/product_brand?post=1540"},{"taxonomy":"product_cat","embeddable":true,"href":"https:\/\/subtomy.com\/sv\/wp-json\/wp\/v2\/product_cat?post=1540"},{"taxonomy":"product_tag","embeddable":true,"href":"https:\/\/subtomy.com\/sv\/wp-json\/wp\/v2\/product_tag?post=1540"}],"curies":[{"name":"wp","href":"https:\/\/api.w.org\/{rel}","templated":true}]}}