{"id":1561,"date":"2023-05-25T10:39:07","date_gmt":"2023-05-25T15:39:07","guid":{"rendered":"https:\/\/subtomy.com\/?post_type=product&#038;p=1561"},"modified":"2024-03-20T18:06:00","modified_gmt":"2024-03-20T23:06:00","slug":"findom-good-morning-messages","status":"publish","type":"product","link":"https:\/\/subtomy.com\/sv\/produkt\/findom-good-morning-meddelanden\/","title":{"rendered":"Findom 65 Paket med god morgon-meddelanden (m\u00e4ssmeddelande, 1-mot-1)"},"content":{"rendered":"<h3 style=\"text-align: center;\">Vi presenterar Findom 65:s paket med god morgon-meddelanden: St\u00e4rk din finansiella dominans<\/h3>\n<p>Upp och hoppa, finansiella dominanter! Ta kontroll \u00f6ver din undergivna dag fr\u00e5n det \u00f6gonblick de vaknar med Findom 65 Good Morning Messages Pack. Denna samling av provocerande och lockande meddelanden \u00e4r utformade f\u00f6r massmeddelanden och personliga en-mot-en-interaktioner och s\u00e4kerst\u00e4ller att din dominans \u00f6ver deras ekonomi k\u00e4nns fr\u00e5n b\u00f6rjan av varje dag. L\u00e5t kraften i dina ord v\u00e4gleda deras ekonomiska underkastelse och bef\u00e4sta din kontroll.<\/p>\n<ol>\n<li><strong>Ange tonen f\u00f6r kontroll<\/strong>: Ta tillf\u00e4llet i akt att etablera dominans genom att b\u00f6rja dagen med ett meddelande som f\u00f6rst\u00e4rker din ekonomiska kontroll. P\u00e5minn dem om att det finns r\u00e4kningar att betala och att du \u00e4r den drivande kraften bakom deras ekonomiska instabilitet och missn\u00f6je.<\/li>\n<li><strong>Sl\u00e4pp loss morgonens njutning<\/strong>: B\u00f6rja deras dag med ett lockande l\u00f6fte om njutning och tillfredsst\u00e4llelse. L\u00e5t dem veta att genom att \u00f6verl\u00e4mna sin ekonomiska makt till dig kan de uppleva den sp\u00e4nnande k\u00e4nslan av att tj\u00e4na en m\u00e4ktig ekonomisk dominator som du.<\/li>\n<li><strong>Gnista f\u00f6rv\u00e4ntan<\/strong>: T\u00e4nd deras entusiasm inf\u00f6r den kommande dagen genom att reta dem med utsikterna till h\u00e4rliga kassafl\u00f6den och n\u00f6jet att \u00e4gna sig \u00e5t penningspel. Skapa f\u00f6rv\u00e4ntan inf\u00f6r den rikedom som de villigt kommer att bidra med till ditt imperium.<\/li>\n<li><strong>V\u00e5rda en undergiven inst\u00e4llning<\/strong>: Uppmuntra en undergiven inst\u00e4llning redan fr\u00e5n b\u00f6rjan av dagen. Plantera fr\u00f6et till deras \u00f6nskan att tj\u00e4na och behaga dig ekonomiskt, p\u00e5minn dem om den njutning och tillfredsst\u00e4llelse som v\u00e4ntar dem n\u00e4r de omfamnar sin roll som din h\u00e4ngivna paypig.<\/li>\n<li><strong>Anpassa dina meddelanden<\/strong>: Skr\u00e4ddarsy dina morgonmeddelanden f\u00f6r varje individ, s\u00e5 att de k\u00e4nner sig speciella och \u00f6nskade. Anv\u00e4nd deras namn, h\u00e4nvisa till specifika finansiella transaktioner eller bekr\u00e4fta deras unika \u00f6nskningar. Personifiering ger en touch som f\u00f6rdjupar deras koppling till dig som deras dominant.<\/li>\n<li><strong>Fr\u00e4mja fortl\u00f6pande kommunikation<\/strong>: Anv\u00e4nd Good Morning Messages Pack f\u00f6r att uppr\u00e4tth\u00e5lla \u00f6ppna kommunikationslinjer med dina undergivna.<\/li>\n<li><strong>Ut\u00f6ka ditt finansiella imperium<\/strong>: Med Findom 65 Good Morning Messages Pack har du ett kraftfullt verktyg till ditt f\u00f6rfogande f\u00f6r att odla och expandera ditt finansiella imperium. St\u00e4rk dina relationer med undergivna, inspirera till \u00f6kade ekonomiska bidrag och bef\u00e4st din position som deras ultimata ekonomiska dominator.<\/li>\n<\/ol>\n<p>B\u00f6rja varje dag med Findom 65 Good Morning Messages Pack och bevittna effekten av dina ord p\u00e5 dina undergivnas ekonomiska underkastelse. Etablera din dominans, t\u00e4nd deras \u00f6nskan att tj\u00e4na och se hur deras h\u00e4ngivenhet till ditt finansiella imperium f\u00f6rdjupas. Omfamna kraften i ett v\u00e4l utformat morgonmeddelande och ta kontroll \u00f6ver deras ekonomi som aldrig f\u00f6rr.<\/p>\n<p>V\u00e4nligen ut\u00f6va ansvarsfull ekonomisk dominans, respektera gr\u00e4nser, samtycke och \u00f6ppen kommunikation i alla interaktioner.<\/p>","protected":false},"excerpt":{"rendered":"<h3 style=\"text-align: center;\">Vi presenterar Findom 65:s paket med god morgon-meddelanden: St\u00e4rk din finansiella dominans<\/h3>\n<p><strong>Inneh\u00e5ller meddelanden som<\/strong><\/p>\n<ul>\n<li>Fantastisk morgon. Det kommer att bli en fantastisk dag f\u00f6r pengaspel! Jag ser redan fram emot alla stygga och l\u00e4ckra kassafl\u00f6den som kommer att komma idag. \ud83d\ude09 #GoodMorning #FinancialDomination #Findom<\/li>\n<li>Jag tillk\u00e4nnager starten p\u00e5 en ny dag fylld av m\u00f6jligheter! \ud83d\udcb8 Jag hoppas att du \u00e4r redo att g\u00f6ra mig \u00e4nnu rikare idag, min stygga lilla paypig. \ud83d\ude09 #Findom #Femdom #FinancialDomination<\/li>\n<li><span data-sheets-value=\"{&quot;1&quot;:2,&quot;2&quot;:&quot;I know it's been a while since I gave you something to be grateful for, so here's your chance: open your wallet and pay tribute to me this morning \u2615\ufe0f \ud83d\ude09&quot;}\" data-sheets-userformat=\"{&quot;2&quot;:8961,&quot;3&quot;:{&quot;1&quot;:0},&quot;11&quot;:4,&quot;12&quot;:0,&quot;16&quot;:12}\">Jag vet att det var ett tag sedan jag gav dig n\u00e5got att vara tacksam f\u00f6r, s\u00e5 h\u00e4r \u00e4r din chans: \u00f6ppna din pl\u00e5nbok och hylla mig denna morgon! \u2615\ufe0f \ud83d\ude09<\/span><\/li>\n<\/ul>","protected":false},"featured_media":2284,"comment_status":"closed","ping_status":"closed","template":"","meta":[],"product_brand":[],"product_cat":[141],"product_tag":[28],"class_list":{"0":"post-1561","1":"product","2":"type-product","3":"status-publish","4":"has-post-thumbnail","6":"product_cat-messaging","7":"product_tag-findom","8":"infinite-scroll-item","9":"no-featured-image-padding","10":"sales-flash-overlay","11":"woocommerce-text-align-center","12":"woocommerce-image-align-center","13":"wc-has-gallery","15":"first","16":"instock","17":"downloadable","18":"virtual","19":"sold-individually","20":"purchasable","21":"product-type-simple"},"aioseo_notices":[],"_links":{"self":[{"href":"https:\/\/subtomy.com\/sv\/wp-json\/wp\/v2\/product\/1561","targetHints":{"allow":["GET"]}}],"collection":[{"href":"https:\/\/subtomy.com\/sv\/wp-json\/wp\/v2\/product"}],"about":[{"href":"https:\/\/subtomy.com\/sv\/wp-json\/wp\/v2\/types\/product"}],"replies":[{"embeddable":true,"href":"https:\/\/subtomy.com\/sv\/wp-json\/wp\/v2\/comments?post=1561"}],"wp:featuredmedia":[{"embeddable":true,"href":"https:\/\/subtomy.com\/sv\/wp-json\/wp\/v2\/media\/2284"}],"wp:attachment":[{"href":"https:\/\/subtomy.com\/sv\/wp-json\/wp\/v2\/media?parent=1561"}],"wp:term":[{"taxonomy":"product_brand","embeddable":true,"href":"https:\/\/subtomy.com\/sv\/wp-json\/wp\/v2\/product_brand?post=1561"},{"taxonomy":"product_cat","embeddable":true,"href":"https:\/\/subtomy.com\/sv\/wp-json\/wp\/v2\/product_cat?post=1561"},{"taxonomy":"product_tag","embeddable":true,"href":"https:\/\/subtomy.com\/sv\/wp-json\/wp\/v2\/product_tag?post=1561"}],"curies":[{"name":"wp","href":"https:\/\/api.w.org\/{rel}","templated":true}]}}