{"id":1566,"date":"2023-05-25T11:13:52","date_gmt":"2023-05-25T16:13:52","guid":{"rendered":"https:\/\/subtomy.com\/?post_type=product&#038;p=1566"},"modified":"2024-03-02T22:13:25","modified_gmt":"2024-03-03T03:13:25","slug":"findom-good-night-messages","status":"publish","type":"product","link":"https:\/\/subtomy.com\/sv\/produkt\/findom-god-natt-meddelanden\/","title":{"rendered":"Findom 65 God natt-meddelanden f\u00f6r massmeddelanden, 1-on-1 DM"},"content":{"rendered":"<h3 style=\"text-align: center;\">Vi presenterar Findom 65 Good Night Messages-paketet: Dominera deras tankar \u00e4ven i deras dr\u00f6mmar<\/h3>\n<p>N\u00e4r natten faller, finansiella dominanter, ta tillf\u00e4llet i akt att ut\u00f6ka din kontroll \u00f6ver dina undergivna tankar och \u00f6nskningar med Findom 65 Good Night Messages Pack. Dessa f\u00f6rf\u00f6riska och f\u00e4ngslande meddelanden \u00e4r utformade f\u00f6r massmeddelanden eller personliga en-mot-en-interaktioner och s\u00e4kerst\u00e4ller att du f\u00f6rblir i deras sinnen, \u00e4ven n\u00e4r de g\u00e5r och l\u00e4gger sig f\u00f6r att sova. Plantera fr\u00f6n av ekonomisk underkastelse och f\u00f6rv\u00e4ntan n\u00e4r de vilar, och l\u00e5t kraften i dina ord dominera deras dr\u00f6mmar.<\/p>\n<ol>\n<li><strong>F\u00f6rf\u00f6riska beg\u00e4r<\/strong>: V\u00e4ck deras lustar med ett lockande meddelande som framkallar bilder av din ber\u00f6ring och n\u00e4rvaro. F\u00e5 dem att l\u00e4ngta efter din smekning och m\u00e5la upp en levande bild av den njutning de kan uppleva under ditt finansiella herrav\u00e4lde.<\/li>\n<li><strong>Inl\u00e4mning nattetid<\/strong>: F\u00f6rst\u00e4rk deras undergivna inst\u00e4llning innan de sover och p\u00e5minn dem om den njutning och tillfredsst\u00e4llelse som v\u00e4ntar n\u00e4r de \u00f6verl\u00e4mnar sin ekonomiska makt till dig. Plantera fr\u00f6n av deras l\u00e4ngtan att tj\u00e4na dig och se till att deras dr\u00f6mmar \u00e4r fyllda med tankar om ekonomisk underkastelse.<\/li>\n<li><strong>Personligt anpassade anslutningar<\/strong>: Anpassa dina god natt-meddelanden till varje enskild person, s\u00e5 att de k\u00e4nner sig uppskattade och \u00f6nskade. Tilltala dem med namn, h\u00e4nvisa till tidigare ekonomiska interaktioner eller bekr\u00e4fta deras unika \u00f6nskningar. Personalisering f\u00f6rdjupar bandet mellan dig och din undergivna, fr\u00e4mjar lojalitet och h\u00e4ngivenhet.<\/li>\n<li><strong>Skapa f\u00f6rv\u00e4ntan:<\/strong> Skapa f\u00f6rv\u00e4ntan inf\u00f6r framtida finansiella interaktioner genom att reta dem med utsikterna till kommande dominans. L\u00e5t dem veta att om de \u00f6verl\u00e4mnar sina finanser till dig kommer det att \u00f6ppna upp en v\u00e4rld av sp\u00e4nning och njutning som de aldrig har upplevt f\u00f6rut.<\/li>\n<li><strong>F\u00f6rst\u00e4rk dominans<\/strong>: Etablera din orubbliga dominans i deras medvetande med ett budskap som inte l\u00e4mnar n\u00e5got tvivel om vem som har makten. P\u00e5minn dem om att deras underkastelse \u00e4r en g\u00e5va och att du ivrigt v\u00e4ntar p\u00e5 m\u00f6jligheten att ta full kontroll \u00f6ver deras ekonomi.<\/li>\n<li><strong>Fr\u00e4mja kommunikation<\/strong>: Uppmuntra p\u00e5g\u00e5ende kommunikation med hj\u00e4lp av Good Night Messages Pack f\u00f6r att uppr\u00e4tth\u00e5lla en \u00f6ppen dialog med dina undergivna. Skapa ett s\u00e4kert utrymme f\u00f6r dem att dela sina ekonomiska fantasier, m\u00e5l och relevanta uppdateringar, f\u00f6rdjupa deras anslutning och f\u00f6rtroende.<\/li>\n<li><strong>Expandera ditt dominerande imperium<\/strong>: Med Findom 65 Good Night Messages Pack har du ett kraftfullt verktyg f\u00f6r att ut\u00f6ka din ekonomiska dominans. St\u00e4rk din kontroll \u00f6ver dina undergivna, inspirera till \u00f6kade ekonomiska bidrag och bef\u00e4st din position som deras ultimata ekonomiska dominator, \u00e4ven i deras dr\u00f6mmar.<\/li>\n<\/ol>\n<p>Utnyttja kraften i Findom 65 Good Night Messages Pack's kraft och bevittna dina ords djupg\u00e5ende inverkan p\u00e5 dina underkastades ekonomiska underkastelse. Dominera deras tankar n\u00e4r de somnar och ingjuta lust, f\u00f6rv\u00e4ntan och orubblig h\u00e4ngivenhet till ditt finansiella imperium. Omfamna auktoriteten hos ett v\u00e4l utformat god natt-meddelande och l\u00e4mna ett best\u00e5ende intryck p\u00e5 deras undergivna psyke.<\/p>","protected":false},"excerpt":{"rendered":"<h3 style=\"text-align: center;\">Introducing the Findom 65 Good Night Messages Pack: Dominate Their Thoughts Even in Their Dreams<\/h3>\n<p>Examples include:<\/p>\n<ul>\n<li>Take your time and enjoy every minute of it \ud83d\udc8b I can&#8217;t wait to have you wrapped around my finger tomorrow night. Goodnight, [name]. \ud83e\udd24<\/li>\n<li>The best way to end the day is by dreaming about me. \ud83e\udd24 I want you to close your eyes and imagine my hands all over your body, teasing and tantalizing you until you can&#8217;t take it anymore. Goodnight sweet submissive, I hope I&#8217;m in your dreams tonight. \ud83d\ude08<\/li>\n<li>Why can&#8217;t you just close your eyes and dream of me? \ud83d\udc8b I want to be the one to keep you up all night, making sure every moment is filled with pleasure. Goodnight my sweet submissive, let&#8217;s make tomorrow even better. \ud83d\ude18<\/li>\n<\/ul>\n","protected":false},"featured_media":2262,"comment_status":"closed","ping_status":"closed","template":"","meta":[],"product_brand":[],"product_cat":[141],"product_tag":[28],"class_list":{"0":"post-1566","1":"product","2":"type-product","3":"status-publish","4":"has-post-thumbnail","6":"product_cat-messaging","7":"product_tag-findom","8":"infinite-scroll-item","9":"no-featured-image-padding","10":"sales-flash-overlay","11":"woocommerce-text-align-center","12":"woocommerce-image-align-center","13":"wc-has-gallery","15":"first","16":"instock","17":"downloadable","18":"virtual","19":"sold-individually","20":"purchasable","21":"product-type-simple"},"aioseo_notices":[],"_links":{"self":[{"href":"https:\/\/subtomy.com\/sv\/wp-json\/wp\/v2\/product\/1566","targetHints":{"allow":["GET"]}}],"collection":[{"href":"https:\/\/subtomy.com\/sv\/wp-json\/wp\/v2\/product"}],"about":[{"href":"https:\/\/subtomy.com\/sv\/wp-json\/wp\/v2\/types\/product"}],"replies":[{"embeddable":true,"href":"https:\/\/subtomy.com\/sv\/wp-json\/wp\/v2\/comments?post=1566"}],"wp:featuredmedia":[{"embeddable":true,"href":"https:\/\/subtomy.com\/sv\/wp-json\/wp\/v2\/media\/2262"}],"wp:attachment":[{"href":"https:\/\/subtomy.com\/sv\/wp-json\/wp\/v2\/media?parent=1566"}],"wp:term":[{"taxonomy":"product_brand","embeddable":true,"href":"https:\/\/subtomy.com\/sv\/wp-json\/wp\/v2\/product_brand?post=1566"},{"taxonomy":"product_cat","embeddable":true,"href":"https:\/\/subtomy.com\/sv\/wp-json\/wp\/v2\/product_cat?post=1566"},{"taxonomy":"product_tag","embeddable":true,"href":"https:\/\/subtomy.com\/sv\/wp-json\/wp\/v2\/product_tag?post=1566"}],"curies":[{"name":"wp","href":"https:\/\/api.w.org\/{rel}","templated":true}]}}