{"id":59,"date":"2022-06-06T15:46:47","date_gmt":"2022-06-06T20:46:47","guid":{"rendered":"https:\/\/shop.cammodelagency.com\/?post_type=product&#038;p=59"},"modified":"2023-09-03T00:47:37","modified_gmt":"2023-09-03T05:47:37","slug":"how-to-sell-your-dick-pics-to-1000-per-month","status":"publish","type":"product","link":"https:\/\/subtomy.com\/sv\/produkt\/how-to-sell-your-dick-pics-to-1000-per-month\/","title":{"rendered":"Hur du s\u00e4ljer dina D*-bilder till $1 000 per m\u00e5nad"},"content":{"rendered":"<h2 style=\"text-align: center;\">Hur du kan tj\u00e4na $1,000 eller MER en m\u00e5nad fr\u00e5n att s\u00e4lja Dick Pics genom att sl\u00e4ppa loss denna kompletta ritning<\/h2>\n<p><img loading=\"lazy\" decoding=\"async\" class=\"aligncenter wp-image-61 size-full\" src=\"https:\/\/subtomy.com\/wp-content\/uploads\/2022\/06\/Selling-Your.jpg\" alt=\"\" width=\"960\" height=\"540\" srcset=\"https:\/\/subtomy.com\/wp-content\/uploads\/2022\/06\/Selling-Your.jpg 960w, https:\/\/subtomy.com\/wp-content\/uploads\/2022\/06\/Selling-Your-600x338.jpg 600w, https:\/\/subtomy.com\/wp-content\/uploads\/2022\/06\/Selling-Your-300x169.jpg 300w, https:\/\/subtomy.com\/wp-content\/uploads\/2022\/06\/Selling-Your-768x432.jpg 768w, https:\/\/subtomy.com\/wp-content\/uploads\/2022\/06\/Selling-Your-18x10.jpg 18w\" sizes=\"auto, (max-width: 960px) 100vw, 960px\" \/><\/p>\n<p style=\"text-align: center;\"><strong><span style=\"color: #008000;\">L\u00e4r dig exakt hur jag g\u00f6r \u00f6ver $1,100 per m\u00e5nad (p\u00e5 autopilot!)<\/span><\/strong><\/p>\n<p>Du \u00e4lskar att ta bilder, men du vet inte hur du ska tj\u00e4na pengar p\u00e5 dem. Du har f\u00f6rs\u00f6kt s\u00e4lja dem p\u00e5 n\u00e4tet tidigare, men du har aldrig lyckats.<\/p>\n<p>Nu \u00e4r h\u00e4r en kurs som l\u00e4r dig hur du s\u00e4ljer dina kukbilder online f\u00f6r en m\u00e5nadsinkomst p\u00e5 $1,000 eller mer. Det h\u00e4r \u00e4r inte n\u00e5got bli-rik-snabbt-system; det \u00e4r en steg-f\u00f6r-steg-guide som visar dig hur du bygger en framg\u00e5ngsrik penisbildverksamhet fr\u00e5n grunden.<\/p>\n<p>L\u00e4r dig att s\u00e4lja dina dick-foton online och tj\u00e4na pengar p\u00e5 att g\u00f6ra det du \u00e4lskar! Den h\u00e4r videokursen tar dig igenom allt du beh\u00f6ver veta, fr\u00e5n att hitta r\u00e4tt marknad f\u00f6r dina bilder till att hantera kunder.<\/p>\n<p>Med denna <strong>Videokurs<\/strong>f\u00e5r du en kunskaps\u00f6versikt \u00f6ver allt fr\u00e5n<\/p>\n<ul>\n<li>Vilken plattform ska du anv\u00e4nda?<\/li>\n<li>Hur man hanterar kunder<\/li>\n<li>Hur du f\u00e5r din kundbas att v\u00e4xa<\/li>\n<li>Ett s\u00e4tt att automatisera 97% av verksamheten<\/li>\n<\/ul>\n<p>Vad som finns inuti:<\/p>\n<ul>\n<li>12 videor som guidar dig genom <strong>EXAKT<\/strong> hur man kommer ig\u00e5ng<\/li>\n<li>En PDF av hela presentationen s\u00e5 att du enkelt kan referera till viktiga punkter som tagits upp under kursen<\/li>\n<\/ul>\n<p>Det finns m\u00e5nga m\u00e4nniskor d\u00e4r ute som \u00e4r intresserade av att s\u00e4lja dick-bilder online. Det \u00e4r trots allt ett bra s\u00e4tt att tj\u00e4na lite extra pengar. Och vem \u00e4lskar inte n\u00e5gon penis?<\/p>\n<p>Men innan du kan b\u00f6rja s\u00e4lja dina foton m\u00e5ste du veta hur du ska g\u00e5 tillv\u00e4ga. Det \u00e4r d\u00e4r v\u00e5r videokurs kommer in i bilden. Vi l\u00e4r dig allt du beh\u00f6ver veta, fr\u00e5n hur du hittar r\u00e4tt k\u00f6pare till vilken typ av bilder de letar efter.<\/p>\n<p>S\u00e5 oavsett om du \u00e4r ett erfaret proffs eller precis har b\u00f6rjat, kommer v\u00e5r kurs att hj\u00e4lpa dig att f\u00e5 ut det mesta av dina penisfoton.<\/p>\n<p>S\u00e5 vad v\u00e4ntar du p\u00e5?<\/p>","protected":false},"excerpt":{"rendered":"<p>L\u00e4r dig att s\u00e4lja dina dick-foton online och tj\u00e4na pengar p\u00e5 att g\u00f6ra det du \u00e4lskar! Den h\u00e4r videokursen tar dig igenom allt du beh\u00f6ver veta, fr\u00e5n att hitta r\u00e4tt marknad f\u00f6r dina bilder till att hantera kunder.<\/p>\n<p><strong>Scrolla ner f\u00f6r att se videon om vad du f\u00e5r i denna kurs \ud83d\udc47\ud83c\udffe<\/strong><\/p>","protected":false},"featured_media":1539,"comment_status":"open","ping_status":"closed","template":"","meta":[],"product_brand":[],"product_cat":[41],"product_tag":[33,40],"class_list":{"0":"post-59","1":"product","2":"type-product","3":"status-publish","4":"has-post-thumbnail","6":"product_cat-video-course","7":"product_tag-men","8":"product_tag-video","9":"infinite-scroll-item","10":"no-featured-image-padding","11":"sales-flash-overlay","12":"woocommerce-text-align-center","13":"woocommerce-image-align-center","15":"first","16":"instock","17":"downloadable","18":"virtual","19":"sold-individually","20":"purchasable","21":"product-type-simple"},"aioseo_notices":[],"_links":{"self":[{"href":"https:\/\/subtomy.com\/sv\/wp-json\/wp\/v2\/product\/59","targetHints":{"allow":["GET"]}}],"collection":[{"href":"https:\/\/subtomy.com\/sv\/wp-json\/wp\/v2\/product"}],"about":[{"href":"https:\/\/subtomy.com\/sv\/wp-json\/wp\/v2\/types\/product"}],"replies":[{"embeddable":true,"href":"https:\/\/subtomy.com\/sv\/wp-json\/wp\/v2\/comments?post=59"}],"wp:featuredmedia":[{"embeddable":true,"href":"https:\/\/subtomy.com\/sv\/wp-json\/wp\/v2\/media\/1539"}],"wp:attachment":[{"href":"https:\/\/subtomy.com\/sv\/wp-json\/wp\/v2\/media?parent=59"}],"wp:term":[{"taxonomy":"product_brand","embeddable":true,"href":"https:\/\/subtomy.com\/sv\/wp-json\/wp\/v2\/product_brand?post=59"},{"taxonomy":"product_cat","embeddable":true,"href":"https:\/\/subtomy.com\/sv\/wp-json\/wp\/v2\/product_cat?post=59"},{"taxonomy":"product_tag","embeddable":true,"href":"https:\/\/subtomy.com\/sv\/wp-json\/wp\/v2\/product_tag?post=59"}],"curies":[{"name":"wp","href":"https:\/\/api.w.org\/{rel}","templated":true}]}}