{"id":608,"date":"2023-04-14T19:14:00","date_gmt":"2023-04-15T00:14:00","guid":{"rendered":"https:\/\/shop.cammodelagency.com\/?post_type=product&#038;p=608"},"modified":"2024-03-02T21:46:54","modified_gmt":"2024-03-03T02:46:54","slug":"findom-caption-pack","status":"publish","type":"product","link":"https:\/\/subtomy.com\/sv\/produkt\/findom-kapitel-pack\/","title":{"rendered":"100+ FinDom\/Financial Domination Caption Pack f\u00f6r sociala medier, Reddit, Onlyfans, etc."},"content":{"rendered":"<p>Om du \u00e4r en vuxenmodell som erbjuder finansiella dominanstj\u00e4nster och vill engagera dina paypigs och cash slaves, \u00e4r v\u00e5rt finansiella dominans sociala medier caption pack precis vad du beh\u00f6ver!<\/p>\n<p>V\u00e5rt paket inneh\u00e5ller 100 unika bildtexter som \u00e4r utformade f\u00f6r att hj\u00e4lpa dig att h\u00e4vda din dominans, f\u00e5 dina f\u00f6ljare att k\u00e4nna sig undergivna och i slut\u00e4ndan \u00f6ka dina int\u00e4kter. Oavsett om du visar upp dina designerkl\u00e4der, stoltserar med din lyxiga livsstil eller bara p\u00e5minner dina f\u00f6ljare om vem som best\u00e4mmer, kommer v\u00e5ra bildtexter att hj\u00e4lpa dig att g\u00f6ra ett statement.<\/p>\n<p>V\u00e5ra bildtexter t\u00e4cker en rad olika teman, fr\u00e5n att retas till att h\u00e5na och allt d\u00e4remellan. Oavsett om du vill inspirera dina f\u00f6ljare att hylla dig, erbjuda exklusivt inneh\u00e5ll till dina b\u00e4sta betalare eller p\u00e5minna alla om deras plats i din v\u00e4rld, s\u00e5 har vi det du beh\u00f6ver. Och med v\u00e5rt l\u00e4ttanv\u00e4nda format kan du snabbt och enkelt kopiera och klistra in din valda bildtext i dina inl\u00e4gg p\u00e5 sociala medier, vilket sparar tid och anstr\u00e4ngning.<\/p>\n<p>S\u00e5 om du \u00e4r redo att ta ditt finansiella dominansspel till n\u00e4sta niv\u00e5 och maximera dina int\u00e4kter, best\u00e4ll v\u00e5rt finansiella dominanspaket f\u00f6r sociala medier idag!<\/p>","protected":false},"excerpt":{"rendered":"<p>V\u00e5rt paket inneh\u00e5ller 100 unika bildtexter som \u00e4r utformade f\u00f6r att hj\u00e4lpa dig att f\u00e4ngsla dina findom-f\u00f6ljare och f\u00e5 dem att \u00f6ppna sina pl\u00e5nb\u00f6cker f\u00f6r dig. Oavsett om du l\u00e4gger upp en bild p\u00e5 dig sj\u00e4lv i en lyxig outfit, visar upp din rikedom och makt eller bara l\u00e4mnar ett provocerande meddelande, kommer v\u00e5ra bildtexter att hj\u00e4lpa dig att g\u00f6ra intryck.<\/p>\n<p><strong>Exempel:<\/strong><\/p>\n<ul>\n<li><span data-sheets-value=\"{&quot;1&quot;:2,&quot;2&quot;:&quot;Better start counting those coins, boys. \ud83d\udcb0 I'm not here to play nice - I'm here to take your hard earned cash and put it in my pocket where it belongs. Come and get a taste of what you can't resist...you know you want to! \ud83d\ude08 #Goddess&quot;}\" data-sheets-userformat=\"{&quot;2&quot;:8961,&quot;3&quot;:{&quot;1&quot;:0},&quot;11&quot;:4,&quot;12&quot;:0,&quot;16&quot;:12}\">B\u00e4st att b\u00f6rja r\u00e4kna mynten, pojkar. \ud83d\udcb0 Jag \u00e4r inte h\u00e4r f\u00f6r att vara sn\u00e4ll - jag \u00e4r h\u00e4r f\u00f6r att ta dina surt f\u00f6rv\u00e4rvade pengar och stoppa dem i fickan d\u00e4r de h\u00f6r hemma. Kom och f\u00e5 en smak av det du inte kan motst\u00e5 ... du vet att du vill! \ud83d\ude08 #Goddess<\/span><\/li>\n<li><span data-sheets-value=\"{&quot;1&quot;:2,&quot;2&quot;:&quot;Flawless and in control, I live for the power games that come with financial domination. Your extravagance is my pleasure; you will beg to be my pay pig \ud83e\udd11\ud83d\udcb0&quot;}\" data-sheets-userformat=\"{&quot;2&quot;:8961,&quot;3&quot;:{&quot;1&quot;:0},&quot;11&quot;:4,&quot;12&quot;:0,&quot;16&quot;:12}\">Felfri och i kontroll, jag lever f\u00f6r de maktspel som kommer med finansiell dominans. Din extravagans \u00e4r mitt n\u00f6je; du kommer att tigga om att vara min l\u00f6negris \ud83e\udd11\ud83d\udcb0<\/span><\/li>\n<li><span data-sheets-value=\"{&quot;1&quot;:2,&quot;2&quot;:&quot;Look at you, so desperate and thirsty for a Goddess like me. You're nothing more than my piggy bank, ready to do whatever it takes to be allowed to worship me \ud83d\udcb0\ud83d\udc51&quot;}\" data-sheets-userformat=\"{&quot;2&quot;:8961,&quot;3&quot;:{&quot;1&quot;:0},&quot;11&quot;:4,&quot;12&quot;:0,&quot;16&quot;:12}\">Se p\u00e5 dig, s\u00e5 desperat och t\u00f6rstig efter en gudinna som jag. Du \u00e4r inget annat \u00e4n min spargris, redo att g\u00f6ra vad som kr\u00e4vs f\u00f6r att f\u00e5 lov att dyrka mig \ud83d\udcb0\ud83d\udc51<\/span><\/li>\n<\/ul>","protected":false},"featured_media":2252,"comment_status":"open","ping_status":"closed","template":"","meta":[],"product_brand":[],"product_cat":[22],"product_tag":[28],"class_list":{"0":"post-608","1":"product","2":"type-product","3":"status-publish","4":"has-post-thumbnail","6":"product_cat-captions","7":"product_tag-findom","8":"infinite-scroll-item","9":"no-featured-image-padding","10":"sales-flash-overlay","11":"woocommerce-text-align-center","12":"woocommerce-image-align-center","13":"wc-has-gallery","15":"first","16":"instock","17":"downloadable","18":"virtual","19":"sold-individually","20":"purchasable","21":"product-type-simple"},"aioseo_notices":[],"_links":{"self":[{"href":"https:\/\/subtomy.com\/sv\/wp-json\/wp\/v2\/product\/608","targetHints":{"allow":["GET"]}}],"collection":[{"href":"https:\/\/subtomy.com\/sv\/wp-json\/wp\/v2\/product"}],"about":[{"href":"https:\/\/subtomy.com\/sv\/wp-json\/wp\/v2\/types\/product"}],"replies":[{"embeddable":true,"href":"https:\/\/subtomy.com\/sv\/wp-json\/wp\/v2\/comments?post=608"}],"wp:featuredmedia":[{"embeddable":true,"href":"https:\/\/subtomy.com\/sv\/wp-json\/wp\/v2\/media\/2252"}],"wp:attachment":[{"href":"https:\/\/subtomy.com\/sv\/wp-json\/wp\/v2\/media?parent=608"}],"wp:term":[{"taxonomy":"product_brand","embeddable":true,"href":"https:\/\/subtomy.com\/sv\/wp-json\/wp\/v2\/product_brand?post=608"},{"taxonomy":"product_cat","embeddable":true,"href":"https:\/\/subtomy.com\/sv\/wp-json\/wp\/v2\/product_cat?post=608"},{"taxonomy":"product_tag","embeddable":true,"href":"https:\/\/subtomy.com\/sv\/wp-json\/wp\/v2\/product_tag?post=608"}],"curies":[{"name":"wp","href":"https:\/\/api.w.org\/{rel}","templated":true}]}}