{"id":640,"date":"2023-04-17T16:46:17","date_gmt":"2023-04-17T21:46:17","guid":{"rendered":"https:\/\/shop.cammodelagency.com\/?post_type=product&#038;p=640"},"modified":"2023-05-15T22:43:13","modified_gmt":"2023-05-16T03:43:13","slug":"yogi-yoga-captions","status":"publish","type":"product","link":"https:\/\/subtomy.com\/sv\/produkt\/yogi-yoga-bildtexter\/","title":{"rendered":"100+ Yogi\/Yoga-bildtexter f\u00f6r OnlyFans, Reddit, sociala medier etc."},"content":{"rendered":"<p>\u00c4r du en OnlyFans-modell som \u00e4lskar yoga och vill visa upp din flexibilitet och styrka samtidigt som du marknadsf\u00f6r dina tj\u00e4nster p\u00e5 sociala medier? V\u00e5rt bildtextpaket f\u00f6r yogamedier \u00e4r h\u00e4r f\u00f6r att hj\u00e4lpa dig!<\/p>\n<p>V\u00e5rt paket inneh\u00e5ller 100 unika bildtexter som \u00e4r utformade f\u00f6r att hj\u00e4lpa dig att engagera dina f\u00f6ljare och marknadsf\u00f6ra dina videotj\u00e4nster. Oavsett om du l\u00e4gger upp en bild p\u00e5 dig sj\u00e4lv i en utmanande yogast\u00e4llning eller delar ett meddelande som lyfter fram din styrka och flexibilitet, hj\u00e4lper v\u00e5ra bildtexter dig att f\u00e5nga din publiks uppm\u00e4rksamhet och visa upp dina yogakunskaper.<\/p>\n<p>V\u00e5ra bildtexter t\u00e4cker en rad olika teman, fr\u00e5n inspirerande till motiverande, och allt d\u00e4remellan. Oavsett om du vill dela med dig av dina favoritcitat om yoga eller lyfta fram de fysiska och mentala f\u00f6rdelarna med yoga s\u00e5 har vi det du beh\u00f6ver. Och med v\u00e5rt l\u00e4ttanv\u00e4nda format kan du snabbt och enkelt kopiera och klistra in din valda bildtext i dina inl\u00e4gg p\u00e5 sociala medier, vilket sparar tid och anstr\u00e4ngning.<\/p>\n<p>Exempel:<\/p>\n<ul>\n<li><span data-sheets-value=\"{&quot;1&quot;:2,&quot;2&quot;:&quot;Can you feel the heat? \ud83d\udd25 I love being in control of my own body and showing off all my favorite yoga poses. Come join me on OnlyFans to get an intimate look into my spiritual, sexy side! \ud83d\udc8b &quot;}\" data-sheets-userformat=\"{&quot;2&quot;:14656,&quot;9&quot;:0,&quot;11&quot;:4,&quot;14&quot;:{&quot;1&quot;:2,&quot;2&quot;:0},&quot;15&quot;:&quot;Verdana&quot;,&quot;16&quot;:11}\">K\u00e4nner du v\u00e4rmen? \ud83d\udd25 Jag \u00e4lskar att ha kontroll \u00f6ver min egen kropp och visa upp alla mina favorityogast\u00e4llningar. F\u00f6lj med mig p\u00e5 OnlyFans f\u00f6r att f\u00e5 en intim inblick i min spirituella, sexiga sida! \ud83d\udc8b <\/span><\/li>\n<li><span data-sheets-value=\"{&quot;1&quot;:2,&quot;2&quot;:&quot;Gorgeous, graceful and oh so sexy. \ud83e\udd75 Join me in my yoga journey and let's chat about our favorite positions! I'm here to help you reach your full potential when it comes to physical, mental and spiritual health. Let's get sweaty together! \ud83d\ude09 &quot;}\" data-sheets-userformat=\"{&quot;2&quot;:14656,&quot;9&quot;:0,&quot;11&quot;:4,&quot;14&quot;:{&quot;1&quot;:2,&quot;2&quot;:0},&quot;15&quot;:&quot;Verdana&quot;,&quot;16&quot;:11}\">Underbar, graci\u00f6s och ack s\u00e5 sexig. \ud83e\udd75 F\u00f6lj med mig p\u00e5 min yogaresa och l\u00e5t oss prata om v\u00e5ra favoritpositioner! Jag \u00e4r h\u00e4r f\u00f6r att hj\u00e4lpa dig att n\u00e5 din fulla potential n\u00e4r det g\u00e4ller fysisk, mental och andlig h\u00e4lsa. L\u00e5t oss bli svettiga tillsammans! \ud83d\ude09<\/span><\/li>\n<li><span data-sheets-value=\"{&quot;1&quot;:2,&quot;2&quot;:&quot;Why can't yoga be both spiritual and sexy? \ud83e\udd29 Get ready to strike a pose with me in my new OnlyFans content! I'm feeling so pretty, strong &amp; confident today. Let's talk about our favorite positions together &amp; explore our wildest fantasies. \u2764\ufe0f #yoga #spiritualsexy&quot;}\" data-sheets-userformat=\"{&quot;2&quot;:8961,&quot;3&quot;:{&quot;1&quot;:0},&quot;11&quot;:4,&quot;12&quot;:0,&quot;16&quot;:12}\">Varf\u00f6r kan inte yoga vara b\u00e5de spirituellt och sexigt? \ud83e\udd29 G\u00f6r dig redo att g\u00f6ra en pose med mig i mitt nya OnlyFans-inneh\u00e5ll! Jag k\u00e4nner mig s\u00e5 vacker, stark och sj\u00e4lvs\u00e4ker idag. L\u00e5t oss prata om v\u00e5ra favoritpositioner tillsammans och utforska v\u00e5ra vildaste fantasier. \u2764\ufe0f #yoga #spiritualsexy<\/span><\/li>\n<\/ul>\n<p>S\u00e5 om du \u00e4r en yogaentusiast som vill engagera dina f\u00f6ljare och marknadsf\u00f6ra dina tj\u00e4nster p\u00e5 OnlyFans, best\u00e4ll v\u00e5rt mediakapitelpaket f\u00f6r yoga idag!<\/p>","protected":false},"excerpt":{"rendered":"<p>\u00c4r du en OnlyFans-modell som \u00e4lskar yoga och vill visa upp din flexibilitet och styrka samtidigt som du marknadsf\u00f6r dina tj\u00e4nster p\u00e5 sociala medier? V\u00e5rt bildtextpaket f\u00f6r yogamedier \u00e4r h\u00e4r f\u00f6r att hj\u00e4lpa dig!<\/p>\n<p>Exempel:<\/p>\n<ul>\n<li><span data-sheets-value=\"{&quot;1&quot;:2,&quot;2&quot;:&quot;Can you feel the heat? \ud83d\udd25 I love being in control of my own body and showing off all my favorite yoga poses. Come join me on OnlyFans to get an intimate look into my spiritual, sexy side! \ud83d\udc8b &quot;}\" data-sheets-userformat=\"{&quot;2&quot;:14656,&quot;9&quot;:0,&quot;11&quot;:4,&quot;14&quot;:{&quot;1&quot;:2,&quot;2&quot;:0},&quot;15&quot;:&quot;Verdana&quot;,&quot;16&quot;:11}\">K\u00e4nner du v\u00e4rmen? \ud83d\udd25 Jag \u00e4lskar att ha kontroll \u00f6ver min egen kropp och visa upp alla mina favorityogast\u00e4llningar. F\u00f6lj med mig p\u00e5 OnlyFans f\u00f6r att f\u00e5 en intim inblick i min spirituella, sexiga sida! \ud83d\udc8b <\/span><\/li>\n<li><span data-sheets-value=\"{&quot;1&quot;:2,&quot;2&quot;:&quot;Gorgeous, graceful and oh so sexy. \ud83e\udd75 Join me in my yoga journey and let's chat about our favorite positions! I'm here to help you reach your full potential when it comes to physical, mental and spiritual health. Let's get sweaty together! \ud83d\ude09 &quot;}\" data-sheets-userformat=\"{&quot;2&quot;:14656,&quot;9&quot;:0,&quot;11&quot;:4,&quot;14&quot;:{&quot;1&quot;:2,&quot;2&quot;:0},&quot;15&quot;:&quot;Verdana&quot;,&quot;16&quot;:11}\">Underbar, graci\u00f6s och ack s\u00e5 sexig. \ud83e\udd75 F\u00f6lj med mig p\u00e5 min yogaresa och l\u00e5t oss prata om v\u00e5ra favoritpositioner! Jag \u00e4r h\u00e4r f\u00f6r att hj\u00e4lpa dig att n\u00e5 din fulla potential n\u00e4r det g\u00e4ller fysisk, mental och andlig h\u00e4lsa. L\u00e5t oss bli svettiga tillsammans! \ud83d\ude09<\/span><\/li>\n<li><span data-sheets-value=\"{&quot;1&quot;:2,&quot;2&quot;:&quot;Why can't yoga be both spiritual and sexy? \ud83e\udd29 Get ready to strike a pose with me in my new OnlyFans content! I'm feeling so pretty, strong &amp; confident today. Let's talk about our favorite positions together &amp; explore our wildest fantasies. \u2764\ufe0f #yoga #spiritualsexy&quot;}\" data-sheets-userformat=\"{&quot;2&quot;:8961,&quot;3&quot;:{&quot;1&quot;:0},&quot;11&quot;:4,&quot;12&quot;:0,&quot;16&quot;:12}\">Varf\u00f6r kan inte yoga vara b\u00e5de spirituellt och sexigt? \ud83e\udd29 G\u00f6r dig redo att g\u00f6ra en pose med mig i mitt nya OnlyFans-inneh\u00e5ll! Jag k\u00e4nner mig s\u00e5 vacker, stark och sj\u00e4lvs\u00e4ker idag. L\u00e5t oss prata om v\u00e5ra favoritpositioner tillsammans och utforska v\u00e5ra vildaste fantasier. \u2764\ufe0f #yoga #spiritualsexy<\/span><\/li>\n<\/ul>","protected":false},"featured_media":1232,"comment_status":"open","ping_status":"closed","template":"","meta":[],"product_brand":[],"product_cat":[22],"product_tag":[43],"class_list":{"0":"post-640","1":"product","2":"type-product","3":"status-publish","4":"has-post-thumbnail","6":"product_cat-captions","7":"product_tag-yoga","8":"infinite-scroll-item","9":"no-featured-image-padding","10":"sales-flash-overlay","11":"woocommerce-text-align-center","12":"woocommerce-image-align-center","13":"wc-has-gallery","15":"first","16":"instock","17":"downloadable","18":"virtual","19":"sold-individually","20":"purchasable","21":"product-type-simple"},"aioseo_notices":[],"_links":{"self":[{"href":"https:\/\/subtomy.com\/sv\/wp-json\/wp\/v2\/product\/640","targetHints":{"allow":["GET"]}}],"collection":[{"href":"https:\/\/subtomy.com\/sv\/wp-json\/wp\/v2\/product"}],"about":[{"href":"https:\/\/subtomy.com\/sv\/wp-json\/wp\/v2\/types\/product"}],"replies":[{"embeddable":true,"href":"https:\/\/subtomy.com\/sv\/wp-json\/wp\/v2\/comments?post=640"}],"wp:featuredmedia":[{"embeddable":true,"href":"https:\/\/subtomy.com\/sv\/wp-json\/wp\/v2\/media\/1232"}],"wp:attachment":[{"href":"https:\/\/subtomy.com\/sv\/wp-json\/wp\/v2\/media?parent=640"}],"wp:term":[{"taxonomy":"product_brand","embeddable":true,"href":"https:\/\/subtomy.com\/sv\/wp-json\/wp\/v2\/product_brand?post=640"},{"taxonomy":"product_cat","embeddable":true,"href":"https:\/\/subtomy.com\/sv\/wp-json\/wp\/v2\/product_cat?post=640"},{"taxonomy":"product_tag","embeddable":true,"href":"https:\/\/subtomy.com\/sv\/wp-json\/wp\/v2\/product_tag?post=640"}],"curies":[{"name":"wp","href":"https:\/\/api.w.org\/{rel}","templated":true}]}}