{"id":676,"date":"2023-04-17T23:52:47","date_gmt":"2023-04-18T04:52:47","guid":{"rendered":"https:\/\/shop.cammodelagency.com\/?post_type=product&#038;p=676"},"modified":"2023-05-15T22:42:47","modified_gmt":"2023-05-16T03:42:47","slug":"strong-male-captions","status":"publish","type":"product","link":"https:\/\/subtomy.com\/sv\/produkt\/starka-manliga-bildtexter\/","title":{"rendered":"100+ starka manliga bildtexter f\u00f6r OnlyFans, Reddit, sociala medier osv."},"content":{"rendered":"<p>Vi presenterar den ultimata l\u00f6sningen f\u00f6r OnlyFans-modeller som vill f\u00f6rb\u00e4ttra sin n\u00e4rvaro p\u00e5 sociala medier och locka fler f\u00f6ljare: Strong Male Social Media Caption Pack. Detta paket \u00e4r s\u00e4rskilt utformat f\u00f6r modeller som s\u00e4ljer tj\u00e4nster p\u00e5 OnlyFans och andra fanklubbssajter, och inneh\u00e5ller ett brett utbud av engagerande och uppseendev\u00e4ckande bildtexter som s\u00e4kert kommer att f\u00e5 din publik att prata.<\/p>\n<p>Oavsett om du vill visa upp ditt senaste inneh\u00e5ll, marknadsf\u00f6ra dina kommande evenemang eller helt enkelt h\u00e5lla dina f\u00f6ljare underh\u00e5llna och engagerade, har detta bildtextpaket allt du beh\u00f6ver. Fr\u00e5n fr\u00e4cka one-liners till tankev\u00e4ckande fr\u00e5gor - v\u00e5ra bildtexter \u00e4r noggrant utformade f\u00f6r att tilltala en m\u00e4ngd olika m\u00e5lgrupper och h\u00e5lla ditt inneh\u00e5ll fr\u00e4scht och sp\u00e4nnande.<\/p>\n<p>S\u00e5 om du \u00e4r redo att ta ditt OnlyFans-f\u00f6retag till n\u00e4sta niv\u00e5, v\u00e4nta inte l\u00e4ngre. Best\u00e4ll Straight Male Social Media Caption Pack idag och b\u00f6rja sticka ut fr\u00e5n m\u00e4ngden!<\/p>\n<p>Exempel p\u00e5 detta \u00e4r<\/p>\n<ul>\n<li><span data-sheets-value=\"{&quot;1&quot;:2,&quot;2&quot;:&quot;Do you desire a \ud83d\udcaa\ud83c\udffc man that's hung, handsome and horny? I'm your guy! DM me for hot conversations and let's explore our wildest fantasies together #sexy #horny #hungAF \ud83e\udd75&quot;}\" data-sheets-userformat=\"{&quot;2&quot;:8961,&quot;3&quot;:{&quot;1&quot;:0},&quot;11&quot;:4,&quot;12&quot;:0,&quot;16&quot;:12}\">Vill du ha en \ud83d\udcaa\ud83c\udffc man som \u00e4r hungrig, stilig och k\u00e5t? D\u00e5 \u00e4r jag din kille! DM mig f\u00f6r heta samtal och l\u00e5t oss utforska v\u00e5ra vildaste fantasier tillsammans #sexy #horny #hungAF \ud83e\udd75<\/span><\/li>\n<li><span data-sheets-value=\"{&quot;1&quot;:2,&quot;2&quot;:&quot;Favorite thing to do? \ud83d\udd25 Let me show you!\ud83d\udca6I'm hung, handsome and strong. Come talk with me and let's explore our wildest fantasies together! I'm always horny for more \ud83d\ude1c &quot;}\" data-sheets-userformat=\"{&quot;2&quot;:14656,&quot;9&quot;:0,&quot;11&quot;:4,&quot;14&quot;:{&quot;1&quot;:2,&quot;2&quot;:0},&quot;15&quot;:&quot;Verdana&quot;,&quot;16&quot;:11}\">Favoritgrej att g\u00f6ra? \ud83d\udd25 L\u00e5t mig visa dig!\ud83d\udca6Jag \u00e4r hungrig, snygg och stark. Kom och prata med mig och l\u00e5t oss utforska v\u00e5ra vildaste fantasier tillsammans! Jag \u00e4r alltid k\u00e5t f\u00f6r mer \ud83d\ude1c <\/span><\/li>\n<li><span data-sheets-value=\"{&quot;1&quot;:2,&quot;2&quot;:&quot;Shoulders back, abs tight. Come explore this strong and handsome \ud83e\udd29\ud83d\udcaa man who's always ready to talk with ya'll \ud83d\ude0f and just so happens to be extra horny tonight \ud83e\udd75 &quot;}\" data-sheets-userformat=\"{&quot;2&quot;:14656,&quot;9&quot;:0,&quot;11&quot;:4,&quot;14&quot;:{&quot;1&quot;:2,&quot;2&quot;:0},&quot;15&quot;:&quot;Verdana&quot;,&quot;16&quot;:11}\">Axlarna bak\u00e5t, magmusklerna tajta. Kom och utforska denna starka och stiliga \ud83e\udd29\ud83d\udcaa man som alltid \u00e4r redo att prata med er \ud83d\ude0f och bara s\u00e5 r\u00e5kar vara extra k\u00e5t ikv\u00e4ll \ud83e\udd75 <\/span><\/li>\n<\/ul>","protected":false},"excerpt":{"rendered":"<p>Vi presenterar den ultimata l\u00f6sningen f\u00f6r OnlyFans-modeller som vill f\u00f6rb\u00e4ttra sin n\u00e4rvaro p\u00e5 sociala medier och locka fler f\u00f6ljare: Strong Male Social Media Caption Pack. Exempel inkluderar<\/p>\n<p><strong>Exempel p\u00e5 detta \u00e4r<\/strong><\/p>\n<ul>\n<li><span data-sheets-value=\"{&quot;1&quot;:2,&quot;2&quot;:&quot;Do you desire a \ud83d\udcaa\ud83c\udffc man that's hung, handsome and horny? I'm your guy! DM me for hot conversations and let's explore our wildest fantasies together #sexy #horny #hungAF \ud83e\udd75&quot;}\" data-sheets-userformat=\"{&quot;2&quot;:8961,&quot;3&quot;:{&quot;1&quot;:0},&quot;11&quot;:4,&quot;12&quot;:0,&quot;16&quot;:12}\">Vill du ha en \ud83d\udcaa\ud83c\udffc man som \u00e4r hungrig, stilig och k\u00e5t? D\u00e5 \u00e4r jag din kille! DM mig f\u00f6r heta samtal och l\u00e5t oss utforska v\u00e5ra vildaste fantasier tillsammans #sexy #horny #hungAF \ud83e\udd75<\/span><\/li>\n<li><span data-sheets-value=\"{&quot;1&quot;:2,&quot;2&quot;:&quot;Favorite thing to do? \ud83d\udd25 Let me show you!\ud83d\udca6I'm hung, handsome and strong. Come talk with me and let's explore our wildest fantasies together! I'm always horny for more \ud83d\ude1c &quot;}\" data-sheets-userformat=\"{&quot;2&quot;:14656,&quot;9&quot;:0,&quot;11&quot;:4,&quot;14&quot;:{&quot;1&quot;:2,&quot;2&quot;:0},&quot;15&quot;:&quot;Verdana&quot;,&quot;16&quot;:11}\">Favoritgrej att g\u00f6ra? \ud83d\udd25 L\u00e5t mig visa dig!\ud83d\udca6Jag \u00e4r hungrig, snygg och stark. Kom och prata med mig och l\u00e5t oss utforska v\u00e5ra vildaste fantasier tillsammans! Jag \u00e4r alltid k\u00e5t f\u00f6r mer \ud83d\ude1c <\/span><\/li>\n<li><span data-sheets-value=\"{&quot;1&quot;:2,&quot;2&quot;:&quot;Shoulders back, abs tight. Come explore this strong and handsome \ud83e\udd29\ud83d\udcaa man who's always ready to talk with ya'll \ud83d\ude0f and just so happens to be extra horny tonight \ud83e\udd75 &quot;}\" data-sheets-userformat=\"{&quot;2&quot;:14656,&quot;9&quot;:0,&quot;11&quot;:4,&quot;14&quot;:{&quot;1&quot;:2,&quot;2&quot;:0},&quot;15&quot;:&quot;Verdana&quot;,&quot;16&quot;:11}\">Axlarna bak\u00e5t, magmusklerna tajta. Kom och utforska denna starka och stiliga \ud83e\udd29\ud83d\udcaa man som alltid \u00e4r redo att prata med er \ud83d\ude0f och bara s\u00e5 r\u00e5kar vara extra k\u00e5t ikv\u00e4ll \ud83e\udd75<\/span><\/li>\n<\/ul>","protected":false},"featured_media":1238,"comment_status":"open","ping_status":"closed","template":"","meta":[],"product_brand":[],"product_cat":[22],"product_tag":[33],"class_list":{"0":"post-676","1":"product","2":"type-product","3":"status-publish","4":"has-post-thumbnail","6":"product_cat-captions","7":"product_tag-men","8":"infinite-scroll-item","9":"no-featured-image-padding","10":"sales-flash-overlay","11":"woocommerce-text-align-center","12":"woocommerce-image-align-center","13":"wc-has-gallery","15":"first","16":"instock","17":"downloadable","18":"virtual","19":"sold-individually","20":"purchasable","21":"product-type-simple"},"aioseo_notices":[],"_links":{"self":[{"href":"https:\/\/subtomy.com\/sv\/wp-json\/wp\/v2\/product\/676","targetHints":{"allow":["GET"]}}],"collection":[{"href":"https:\/\/subtomy.com\/sv\/wp-json\/wp\/v2\/product"}],"about":[{"href":"https:\/\/subtomy.com\/sv\/wp-json\/wp\/v2\/types\/product"}],"replies":[{"embeddable":true,"href":"https:\/\/subtomy.com\/sv\/wp-json\/wp\/v2\/comments?post=676"}],"wp:featuredmedia":[{"embeddable":true,"href":"https:\/\/subtomy.com\/sv\/wp-json\/wp\/v2\/media\/1238"}],"wp:attachment":[{"href":"https:\/\/subtomy.com\/sv\/wp-json\/wp\/v2\/media?parent=676"}],"wp:term":[{"taxonomy":"product_brand","embeddable":true,"href":"https:\/\/subtomy.com\/sv\/wp-json\/wp\/v2\/product_brand?post=676"},{"taxonomy":"product_cat","embeddable":true,"href":"https:\/\/subtomy.com\/sv\/wp-json\/wp\/v2\/product_cat?post=676"},{"taxonomy":"product_tag","embeddable":true,"href":"https:\/\/subtomy.com\/sv\/wp-json\/wp\/v2\/product_tag?post=676"}],"curies":[{"name":"wp","href":"https:\/\/api.w.org\/{rel}","templated":true}]}}