{"id":679,"date":"2023-04-18T00:06:28","date_gmt":"2023-04-18T05:06:28","guid":{"rendered":"https:\/\/shop.cammodelagency.com\/?post_type=product&#038;p=679"},"modified":"2024-03-28T00:36:42","modified_gmt":"2024-03-28T05:36:42","slug":"gay-male-captions","status":"publish","type":"product","link":"https:\/\/subtomy.com\/sv\/produkt\/bildtexter-for-homosexuella-man\/","title":{"rendered":"100+ bildtexter f\u00f6r homosexuella m\u00e4n f\u00f6r OnlyFans, Reddit, sociala medier etc."},"content":{"rendered":"<p>Vi presenterar den ultimata l\u00f6sningen f\u00f6r heterosexuella manliga OnlyFans-modeller som vill f\u00f6rb\u00e4ttra sin n\u00e4rvaro p\u00e5 sociala medier och locka fler f\u00f6ljare: Straight Male Social Media Caption Pack. Detta paket \u00e4r s\u00e4rskilt utformat f\u00f6r modeller som s\u00e4ljer tj\u00e4nster p\u00e5 OnlyFans och inneh\u00e5ller ett brett utbud av engagerande och uppm\u00e4rksamhetsf\u00e5ngande bildtexter som s\u00e4kert kommer att f\u00e5 din publik att prata.<\/p>\n<p>Oavsett om du vill visa upp ditt senaste inneh\u00e5ll, marknadsf\u00f6ra dina kommande evenemang eller helt enkelt h\u00e5lla dina f\u00f6ljare underh\u00e5llna och engagerade, har det h\u00e4r bildtextpaketet allt du beh\u00f6ver. Fr\u00e5n flirtiga one-liners till provocerande fr\u00e5gor - v\u00e5ra bildtexter \u00e4r noggrant utformade f\u00f6r att tilltala en homosexuell manlig publik och h\u00e5lla ditt inneh\u00e5ll fr\u00e4scht och sp\u00e4nnande.<\/p>\n<p>Exempel:<\/p>\n<ul>\n<li><span data-sheets-value=\"{&quot;1&quot;:2,&quot;2&quot;:&quot;Don't you wish you could be my \ud83e\udd0e? Come get to know me better on OnlyFans and see what I'm all about. \ud83d\udd25 Let's explore every inch of each other and have some naughty fun. #gayonlyfans&quot;}\" data-sheets-userformat=\"{&quot;2&quot;:8961,&quot;3&quot;:{&quot;1&quot;:0},&quot;11&quot;:4,&quot;12&quot;:0,&quot;16&quot;:12}\">\u00d6nskar du inte att du kunde vara min \ud83e\udd0e? Kom och l\u00e4r k\u00e4nna mig b\u00e4ttre p\u00e5 OnlyFans och se vad jag \u00e4r f\u00f6r n\u00e5got. \ud83d\udd25 L\u00e5t oss utforska varenda centimeter av varandra och ha lite styggt kul. #gayonlyfans<\/span><\/li>\n<li><span data-sheets-value=\"{&quot;1&quot;:2,&quot;2&quot;:&quot;I'm the \ud83d\udd25 gay boy you dream about! Let's chat and flirt, and who knows where it might lead? I'm always looking for new adventures with my fans\u2014let's get wild together! &quot;}\" data-sheets-userformat=\"{&quot;2&quot;:14656,&quot;9&quot;:0,&quot;11&quot;:4,&quot;14&quot;:{&quot;1&quot;:2,&quot;2&quot;:0},&quot;15&quot;:&quot;Verdana&quot;,&quot;16&quot;:11}\">Jag \u00e4r den \ud83d\udd25 gaykillen du dr\u00f6mmer om! L\u00e5t oss chatta och flirta, och vem vet vart det kan leda? Jag letar alltid efter nya \u00e4ventyr med mina fans - l\u00e5t oss bli vilda tillsammans! <\/span><\/li>\n<li><span data-sheets-value=\"{&quot;1&quot;:2,&quot;2&quot;:&quot;Sexy, single &amp; ready to mingle \ud83e\udd29\ud83d\udca6 Interested in getting to know me better? DM me and let's get the conversation started \ud83d\ude0c #gay #horny #singleandreadytomingle&quot;}\" data-sheets-userformat=\"{&quot;2&quot;:8961,&quot;3&quot;:{&quot;1&quot;:0},&quot;11&quot;:4,&quot;12&quot;:0,&quot;16&quot;:12}\">Sexig, singel &amp; redo att mingla \ud83e\udd29\ud83d\udca6 Intresserad av att l\u00e4ra k\u00e4nna mig b\u00e4ttre? DM mig och l\u00e5t oss f\u00e5 ig\u00e5ng konversationen \ud83d\ude0c #gay #horny #singleandreadytomingle<\/span><\/li>\n<\/ul>\n<p>S\u00e5 om du \u00e4r redo att ta ditt OnlyFans-f\u00f6retag till n\u00e4sta niv\u00e5, v\u00e4nta inte l\u00e4ngre. Best\u00e4ll Straight Male Social Media Caption Pack idag och b\u00f6rja sticka ut fr\u00e5n m\u00e4ngden!<\/p>","protected":false},"excerpt":{"rendered":"<p>Vi presenterar den ultimata l\u00f6sningen f\u00f6r homosexuella manliga OnlyFans-modeller som vill f\u00f6rb\u00e4ttra sin n\u00e4rvaro p\u00e5 sociala medier och locka fler f\u00f6ljare: Gay Male Social Media Caption Pack. Exempel:<\/p>\n<p>Exempel:<\/p>\n<ul>\n<li><span data-sheets-value=\"{&quot;1&quot;:2,&quot;2&quot;:&quot;Don't you wish you could be my \ud83e\udd0e? Come get to know me better on OnlyFans and see what I'm all about. \ud83d\udd25 Let's explore every inch of each other and have some naughty fun. #gayonlyfans&quot;}\" data-sheets-userformat=\"{&quot;2&quot;:8961,&quot;3&quot;:{&quot;1&quot;:0},&quot;11&quot;:4,&quot;12&quot;:0,&quot;16&quot;:12}\">\u00d6nskar du inte att du kunde vara min \ud83e\udd0e? Kom och l\u00e4r k\u00e4nna mig b\u00e4ttre p\u00e5 OnlyFans och se vad jag \u00e4r f\u00f6r n\u00e5got. \ud83d\udd25 L\u00e5t oss utforska varenda centimeter av varandra och ha lite styggt kul. #gayonlyfans<\/span><\/li>\n<li><span data-sheets-value=\"{&quot;1&quot;:2,&quot;2&quot;:&quot;I'm the \ud83d\udd25 gay boy you dream about! Let's chat and flirt, and who knows where it might lead? I'm always looking for new adventures with my fans\u2014let's get wild together! &quot;}\" data-sheets-userformat=\"{&quot;2&quot;:14656,&quot;9&quot;:0,&quot;11&quot;:4,&quot;14&quot;:{&quot;1&quot;:2,&quot;2&quot;:0},&quot;15&quot;:&quot;Verdana&quot;,&quot;16&quot;:11}\">Jag \u00e4r den \ud83d\udd25 gaykillen du dr\u00f6mmer om! L\u00e5t oss chatta och flirta, och vem vet vart det kan leda? Jag letar alltid efter nya \u00e4ventyr med mina fans - l\u00e5t oss bli vilda tillsammans! <\/span><\/li>\n<li><span data-sheets-value=\"{&quot;1&quot;:2,&quot;2&quot;:&quot;Sexy, single &amp; ready to mingle \ud83e\udd29\ud83d\udca6 Interested in getting to know me better? DM me and let's get the conversation started \ud83d\ude0c #gay #horny #singleandreadytomingle&quot;}\" data-sheets-userformat=\"{&quot;2&quot;:8961,&quot;3&quot;:{&quot;1&quot;:0},&quot;11&quot;:4,&quot;12&quot;:0,&quot;16&quot;:12}\">Sexig, singel &amp; redo att mingla \ud83e\udd29\ud83d\udca6 Intresserad av att l\u00e4ra k\u00e4nna mig b\u00e4ttre? DM mig och l\u00e5t oss f\u00e5 ig\u00e5ng konversationen \ud83d\ude0c #gay #horny #singleandreadytomingle<\/span><\/li>\n<\/ul>","protected":false},"featured_media":2324,"comment_status":"open","ping_status":"closed","template":"","meta":[],"product_brand":[],"product_cat":[22],"product_tag":[33],"class_list":{"0":"post-679","1":"product","2":"type-product","3":"status-publish","4":"has-post-thumbnail","6":"product_cat-captions","7":"product_tag-men","8":"infinite-scroll-item","9":"no-featured-image-padding","10":"sales-flash-overlay","11":"woocommerce-text-align-center","12":"woocommerce-image-align-center","13":"wc-has-gallery","15":"first","16":"instock","17":"downloadable","18":"virtual","19":"sold-individually","20":"purchasable","21":"product-type-simple"},"aioseo_notices":[],"_links":{"self":[{"href":"https:\/\/subtomy.com\/sv\/wp-json\/wp\/v2\/product\/679","targetHints":{"allow":["GET"]}}],"collection":[{"href":"https:\/\/subtomy.com\/sv\/wp-json\/wp\/v2\/product"}],"about":[{"href":"https:\/\/subtomy.com\/sv\/wp-json\/wp\/v2\/types\/product"}],"replies":[{"embeddable":true,"href":"https:\/\/subtomy.com\/sv\/wp-json\/wp\/v2\/comments?post=679"}],"wp:featuredmedia":[{"embeddable":true,"href":"https:\/\/subtomy.com\/sv\/wp-json\/wp\/v2\/media\/2324"}],"wp:attachment":[{"href":"https:\/\/subtomy.com\/sv\/wp-json\/wp\/v2\/media?parent=679"}],"wp:term":[{"taxonomy":"product_brand","embeddable":true,"href":"https:\/\/subtomy.com\/sv\/wp-json\/wp\/v2\/product_brand?post=679"},{"taxonomy":"product_cat","embeddable":true,"href":"https:\/\/subtomy.com\/sv\/wp-json\/wp\/v2\/product_cat?post=679"},{"taxonomy":"product_tag","embeddable":true,"href":"https:\/\/subtomy.com\/sv\/wp-json\/wp\/v2\/product_tag?post=679"}],"curies":[{"name":"wp","href":"https:\/\/api.w.org\/{rel}","templated":true}]}}