{"id":691,"date":"2023-04-18T12:33:29","date_gmt":"2023-04-18T17:33:29","guid":{"rendered":"https:\/\/shop.cammodelagency.com\/?post_type=product&#038;p=691"},"modified":"2024-04-01T13:59:54","modified_gmt":"2024-04-01T18:59:54","slug":"small-boobs-captions","status":"publish","type":"product","link":"https:\/\/subtomy.com\/sv\/produkt\/bildtexter-for-sma-brost\/","title":{"rendered":"100+ Bildtexter f\u00f6r sm\u00e5 br\u00f6st f\u00f6r OnlyFans, Reddit, sociala medier osv."},"content":{"rendered":"<p>Vi introducerar den ultimata l\u00f6sningen f\u00f6r OnlyFans modeller med sm\u00e5 br\u00f6st som vill f\u00f6rb\u00e4ttra sin n\u00e4rvaro p\u00e5 sociala medier och locka fler f\u00f6ljare: Small Boobs Social Media Caption Pack. Detta paket \u00e4r s\u00e4rskilt utformat f\u00f6r modeller som vill visa upp sin unika sk\u00f6nhet och sina tillg\u00e5ngar p\u00e5 ett s\u00e4tt som \u00e4r b\u00e5de sexigt och smakfullt.<\/p>\n<p>Med Small Boobs Social Media Caption Pack f\u00e5r du en rad specialdesignade bildtexter som \u00e4r skr\u00e4ddarsydda efter behoven hos modeller med sm\u00e5 br\u00f6st. Dessa bildtexter \u00e4r engagerande, uppseendev\u00e4ckande och noggrant utformade f\u00f6r att framh\u00e4va dina tillg\u00e5ngar i b\u00e4sta m\u00f6jliga ljus. Fr\u00e5n lekfulla one-liners till tankev\u00e4ckande fr\u00e5gor - v\u00e5ra bildtexter hj\u00e4lper dig att sticka ut fr\u00e5n m\u00e4ngden och locka till dig en lojal och engagerad f\u00f6ljarskara.<\/p>\n<p>V\u00e5rt team av erfarna experter p\u00e5 sociala medier f\u00f6rst\u00e5r de utmaningar som modeller med sm\u00e5 br\u00f6st st\u00e5r inf\u00f6r och har utformat detta paket med dina behov i \u00e5tanke. Vi vet hur man framh\u00e4ver dina kurvor och f\u00e5r dina sm\u00e5 br\u00f6st att se ut som b\u00e4st utan att anv\u00e4nda sig av orealistiska eller ouppn\u00e5eliga sk\u00f6nhetsideal.<\/p>\n<p>Oavsett om du precis har b\u00f6rjat p\u00e5 OnlyFans eller vill ta ditt f\u00f6retag till n\u00e4sta niv\u00e5, \u00e4r Small Boobs Social Media Caption Pack det perfekta verktyget f\u00f6r att \u00f6ka din synlighet och locka fler f\u00f6ljare. Med v\u00e5r omfattande strategi f\u00f6r sociala medier kommer du att kunna bygga upp en stark och engagerad f\u00f6ljarskara som uppskattar din unika sk\u00f6nhet och st\u00f6djer din framg\u00e5ng.<\/p>\n<p><strong>Exempel:<\/strong><\/p>\n<ul>\n<li><span data-sheets-value=\"{&quot;1&quot;:2,&quot;2&quot;:&quot;Don't you wish you could \ud83e\udd24feel my petite boobies? I'm getting so horny just thinking about it \ud83d\ude0f. Slide into my DMs and let's explore the possibilities together! &quot;}\" data-sheets-userformat=\"{&quot;2&quot;:14656,&quot;9&quot;:0,&quot;11&quot;:4,&quot;14&quot;:{&quot;1&quot;:2,&quot;2&quot;:0},&quot;15&quot;:&quot;Verdana&quot;,&quot;16&quot;:11}\">\u00d6nskar du inte att du kunde \ud83e\udd24k\u00e4nna mina sm\u00e5 br\u00f6st? Jag blir s\u00e5 k\u00e5t bara av att t\u00e4nka p\u00e5 det \ud83d\ude0f. Glid in i mina DMs och l\u00e5t oss utforska m\u00f6jligheterna tillsammans! <\/span><\/li>\n<li><span data-sheets-value=\"{&quot;1&quot;:2,&quot;2&quot;:&quot;Gorgeous \ud83d\udd25 and oh-so-sexy small boob goddess here! Who's ready to get naughty with me? \ud83d\ude09 DM me if you wanna chat, I'm feeling extra horny today. #SmallBoobs #SexyAF #ComePlayWithMe&quot;}\" data-sheets-userformat=\"{&quot;2&quot;:8961,&quot;3&quot;:{&quot;1&quot;:0},&quot;11&quot;:4,&quot;12&quot;:0,&quot;16&quot;:12}\">Underbar \ud83d\udd25 och oh-s\u00e5-sexig liten boob gudinna h\u00e4r! Vem \u00e4r redo att bli stygg med mig? \ud83d\ude09 DM mig om du vill chatta, jag k\u00e4nner mig extra k\u00e5t idag. #Ssm\u00e5br\u00f6st #SsexigAF #Ckom och lek med mig<\/span><\/li>\n<li><span data-sheets-value=\"{&quot;1&quot;:2,&quot;2&quot;:&quot;Shoulders back, small boobs out! \ud83e\udd29 Come talk to me and let's get a little naughty. I'm feeling extra horny tonight, so let's make it an unforgettable night for us both. &quot;}\" data-sheets-userformat=\"{&quot;2&quot;:14656,&quot;9&quot;:0,&quot;11&quot;:4,&quot;14&quot;:{&quot;1&quot;:2,&quot;2&quot;:0},&quot;15&quot;:&quot;Verdana&quot;,&quot;16&quot;:11}\">Axlarna bak\u00e5t, sm\u00e5 br\u00f6st ut! \ud83e\udd29 Kom och prata med mig och l\u00e5t oss bli lite stygga. Jag k\u00e4nner mig extra k\u00e5t ikv\u00e4ll, s\u00e5 l\u00e5t oss g\u00f6ra det till en of\u00f6rgl\u00f6mlig natt f\u00f6r oss b\u00e5da.<\/span><\/li>\n<\/ul>\n<p>S\u00e5 varf\u00f6r v\u00e4nta? Best\u00e4ll Small Boobs Social Media Caption Pack idag och b\u00f6rja ta ditt OnlyFans-f\u00f6retag till n\u00e4sta niv\u00e5. Med v\u00e5r expertv\u00e4gledning och professionella resurser kommer du att kunna visa upp dina sm\u00e5 br\u00f6st med stolthet och locka den publik du f\u00f6rtj\u00e4nar.<\/p>","protected":false},"excerpt":{"rendered":"<p>Vi presenterar den ultimata l\u00f6sningen f\u00f6r OnlyFans-modeller med sm\u00e5 br\u00f6st som vill f\u00f6rb\u00e4ttra sin n\u00e4rvaro p\u00e5 sociala medier och locka fler f\u00f6ljare!<\/p>\n<p>Exempel:<\/p>\n<ul>\n<li><span data-sheets-value=\"{&quot;1&quot;:2,&quot;2&quot;:&quot;Don't you wish you could \ud83e\udd24feel my petite boobies? I'm getting so horny just thinking about it \ud83d\ude0f. Slide into my DMs and let's explore the possibilities together! &quot;}\" data-sheets-userformat=\"{&quot;2&quot;:14656,&quot;9&quot;:0,&quot;11&quot;:4,&quot;14&quot;:{&quot;1&quot;:2,&quot;2&quot;:0},&quot;15&quot;:&quot;Verdana&quot;,&quot;16&quot;:11}\">\u00d6nskar du inte att du kunde \ud83e\udd24k\u00e4nna mina sm\u00e5 br\u00f6st? Jag blir s\u00e5 k\u00e5t bara av att t\u00e4nka p\u00e5 det \ud83d\ude0f. Glid in i mina DMs och l\u00e5t oss utforska m\u00f6jligheterna tillsammans! <\/span><\/li>\n<li><span data-sheets-value=\"{&quot;1&quot;:2,&quot;2&quot;:&quot;Gorgeous \ud83d\udd25 and oh-so-sexy small boob goddess here! Who's ready to get naughty with me? \ud83d\ude09 DM me if you wanna chat, I'm feeling extra horny today. #SmallBoobs #SexyAF #ComePlayWithMe&quot;}\" data-sheets-userformat=\"{&quot;2&quot;:8961,&quot;3&quot;:{&quot;1&quot;:0},&quot;11&quot;:4,&quot;12&quot;:0,&quot;16&quot;:12}\">Underbar \ud83d\udd25 och oh-s\u00e5-sexig liten boob gudinna h\u00e4r! Vem \u00e4r redo att bli stygg med mig? \ud83d\ude09 DM mig om du vill chatta, jag k\u00e4nner mig extra k\u00e5t idag. #Ssm\u00e5br\u00f6st #SsexigAF #Ckom och lek med mig<\/span><\/li>\n<li><span data-sheets-value=\"{&quot;1&quot;:2,&quot;2&quot;:&quot;Shoulders back, small boobs out! \ud83e\udd29 Come talk to me and let's get a little naughty. I'm feeling extra horny tonight, so let's make it an unforgettable night for us both. &quot;}\" data-sheets-userformat=\"{&quot;2&quot;:14656,&quot;9&quot;:0,&quot;11&quot;:4,&quot;14&quot;:{&quot;1&quot;:2,&quot;2&quot;:0},&quot;15&quot;:&quot;Verdana&quot;,&quot;16&quot;:11}\">Axlarna bak\u00e5t, sm\u00e5 br\u00f6st ut! \ud83e\udd29 Kom och prata med mig och l\u00e5t oss bli lite stygga. Jag k\u00e4nner mig extra k\u00e5t ikv\u00e4ll, s\u00e5 l\u00e5t oss g\u00f6ra det till en of\u00f6rgl\u00f6mlig natt f\u00f6r oss b\u00e5da. <\/span><\/li>\n<\/ul>","protected":false},"featured_media":2336,"comment_status":"open","ping_status":"closed","template":"","meta":[],"product_brand":[],"product_cat":[22],"product_tag":[36],"class_list":{"0":"post-691","1":"product","2":"type-product","3":"status-publish","4":"has-post-thumbnail","6":"product_cat-captions","7":"product_tag-small-boobs","8":"infinite-scroll-item","9":"no-featured-image-padding","10":"sales-flash-overlay","11":"woocommerce-text-align-center","12":"woocommerce-image-align-center","13":"wc-has-gallery","15":"first","16":"instock","17":"downloadable","18":"virtual","19":"sold-individually","20":"purchasable","21":"product-type-simple"},"aioseo_notices":[],"_links":{"self":[{"href":"https:\/\/subtomy.com\/sv\/wp-json\/wp\/v2\/product\/691","targetHints":{"allow":["GET"]}}],"collection":[{"href":"https:\/\/subtomy.com\/sv\/wp-json\/wp\/v2\/product"}],"about":[{"href":"https:\/\/subtomy.com\/sv\/wp-json\/wp\/v2\/types\/product"}],"replies":[{"embeddable":true,"href":"https:\/\/subtomy.com\/sv\/wp-json\/wp\/v2\/comments?post=691"}],"wp:featuredmedia":[{"embeddable":true,"href":"https:\/\/subtomy.com\/sv\/wp-json\/wp\/v2\/media\/2336"}],"wp:attachment":[{"href":"https:\/\/subtomy.com\/sv\/wp-json\/wp\/v2\/media?parent=691"}],"wp:term":[{"taxonomy":"product_brand","embeddable":true,"href":"https:\/\/subtomy.com\/sv\/wp-json\/wp\/v2\/product_brand?post=691"},{"taxonomy":"product_cat","embeddable":true,"href":"https:\/\/subtomy.com\/sv\/wp-json\/wp\/v2\/product_cat?post=691"},{"taxonomy":"product_tag","embeddable":true,"href":"https:\/\/subtomy.com\/sv\/wp-json\/wp\/v2\/product_tag?post=691"}],"curies":[{"name":"wp","href":"https:\/\/api.w.org\/{rel}","templated":true}]}}