{"id":1561,"date":"2023-05-25T10:39:07","date_gmt":"2023-05-25T15:39:07","guid":{"rendered":"https:\/\/subtomy.com\/?post_type=product&#038;p=1561"},"modified":"2024-03-20T18:06:00","modified_gmt":"2024-03-20T23:06:00","slug":"findom-good-morning-messages","status":"publish","type":"product","link":"https:\/\/subtomy.com\/tr\/urun\/findom-good-morning-messages-2\/","title":{"rendered":"Findom 65 G\u00fcnayd\u0131n Mesajlar\u0131 Paketi (Toplu Mesaj, Bire Bir)"},"content":{"rendered":"<h3 style=\"text-align: center;\">Findom 65 G\u00fcnayd\u0131n Mesajlar\u0131 Paketi ile tan\u0131\u015f\u0131n: Finansal Hakimiyetinizi G\u00fc\u00e7lendirin<\/h3>\n<p>Kalk\u0131n ve parlay\u0131n, finansal dominantlar! Findom 65 G\u00fcnayd\u0131n Mesajlar\u0131 Paketi ile uyand\u0131klar\u0131 andan itibaren itaatkar\u0131n\u0131z\u0131n g\u00fcn\u00fcn\u00fcn kontrol\u00fcn\u00fc elinize al\u0131n. Toplu mesajla\u015fma ve ki\u015fiselle\u015ftirilmi\u015f bire bir etkile\u015fimler i\u00e7in haz\u0131rlanm\u0131\u015f bu k\u0131\u015fk\u0131rt\u0131c\u0131 ve ba\u015ftan \u00e7\u0131kar\u0131c\u0131 mesaj koleksiyonu, mali durumlar\u0131 \u00fczerindeki hakimiyetinizin her g\u00fcn\u00fcn ba\u015flang\u0131c\u0131ndan itibaren hissedilmesini sa\u011flayacakt\u0131r. S\u00f6zc\u00fcklerinizin g\u00fcc\u00fcn\u00fcn finansal teslimiyetlerini y\u00f6nlendirmesine ve kontrol\u00fcn\u00fcz\u00fc sa\u011flamla\u015ft\u0131rmas\u0131na izin verin.<\/p>\n<ol>\n<li><strong>Kontrol Tonunu Ayarlay\u0131n<\/strong>: G\u00fcne mali kontrol\u00fcn\u00fcz\u00fc peki\u015ftiren bir mesajla ba\u015flayarak hakimiyet kurma f\u0131rsat\u0131n\u0131 yakalay\u0131n. Onlara \u00f6denmesi gereken faturalar oldu\u011funu ve mali istikrars\u0131zl\u0131klar\u0131n\u0131n ve memnuniyetsizliklerinin arkas\u0131ndaki itici g\u00fcc\u00fcn siz oldu\u011funuzu hat\u0131rlat\u0131n.<\/li>\n<li><strong>Sabah Keyfini Serbest B\u0131rak\u0131n<\/strong>: G\u00fcne ba\u015ftan \u00e7\u0131kar\u0131c\u0131 bir zevk ve tatmin vaadiyle ba\u015flay\u0131n. Finansal g\u00fc\u00e7lerini size teslim ederek, sizin gibi g\u00fc\u00e7l\u00fc bir finansal dominat\u00f6re hizmet etmenin heyecan verici tela\u015f\u0131n\u0131 ya\u015fayabileceklerini bilmelerini sa\u011flay\u0131n.<\/li>\n<li><strong>K\u0131v\u0131lc\u0131m Beklentisi<\/strong>: Keyifli nakit ak\u0131\u015flar\u0131 ve para oyunlar\u0131na kat\u0131lma zevkiyle onlar\u0131 e\u011flendirerek \u00f6n\u00fcm\u00fczdeki g\u00fcn i\u00e7in heyecanlar\u0131n\u0131 ate\u015fleyin. \u0130mparatorlu\u011funuza isteyerek katk\u0131da bulunacaklar\u0131 servet i\u00e7in beklenti olu\u015fturun.<\/li>\n<li><strong>\u0130taatkar Bir Zihniyet Yeti\u015ftirin<\/strong>: G\u00fcn\u00fcn ba\u015f\u0131ndan itibaren itaatk\u00e2r bir zihniyeti te\u015fvik edin. Size hizmet etme ve sizi maddi olarak memnun etme arzular\u0131n\u0131n tohumlar\u0131n\u0131 ekin, onlara sad\u0131k paypiginiz olarak rollerini benimsediklerinde onlar\u0131 bekleyen zevk ve tatmini hat\u0131rlat\u0131n.<\/li>\n<li><strong>Mesajlar\u0131n\u0131z\u0131 Ki\u015fiselle\u015ftirin<\/strong>: Sabah mesajlar\u0131n\u0131z\u0131 her bireye g\u00f6re uyarlay\u0131n, kendilerini \u00f6zel ve arzulanan hissetmelerini sa\u011flay\u0131n. \u0130simlerini kullan\u0131n, belirli finansal i\u015flemlere at\u0131fta bulunun veya benzersiz arzular\u0131n\u0131 kabul edin. Ki\u015fiselle\u015ftirme, hakim olarak sizinle olan ba\u011flar\u0131n\u0131 derinle\u015ftiren bir dokunu\u015f katar.<\/li>\n<li><strong>S\u00fcrekli \u0130leti\u015fimi Te\u015fvik Edin<\/strong>: \u0130taatkarlar\u0131n\u0131zla a\u00e7\u0131k ileti\u015fim hatlar\u0131n\u0131 s\u00fcrd\u00fcrmek i\u00e7in G\u00fcnayd\u0131n Mesajlar\u0131 Paketini kullan\u0131n.<\/li>\n<li><strong>Finansal \u0130mparatorlu\u011funuzu Geni\u015fletin<\/strong>: Findom 65 G\u00fcnayd\u0131n Mesajlar\u0131 Paketi ile finansal imparatorlu\u011funuzu geli\u015ftirmek ve geni\u015fletmek i\u00e7in elinizin alt\u0131nda g\u00fc\u00e7l\u00fc bir ara\u00e7 var. \u0130taatkarlarla ili\u015fkilerinizi g\u00fc\u00e7lendirin, artan finansal katk\u0131lara ilham verin ve onlar\u0131n nihai finansal hakimi olarak konumunuzu sa\u011flamla\u015ft\u0131r\u0131n.<\/li>\n<\/ol>\n<p>Her g\u00fcne Findom 65 G\u00fcnayd\u0131n Mesajlar\u0131 Paketi ile ba\u015flay\u0131n ve s\u00f6zlerinizin itaatk\u00e2rlar\u0131n\u0131z\u0131n finansal teslimiyeti \u00fczerindeki etkisine tan\u0131k olun. Hakimiyetinizi kurun, hizmet etme arzular\u0131n\u0131 ate\u015fleyin ve finansal imparatorlu\u011funuza olan ba\u011fl\u0131l\u0131klar\u0131n\u0131n derinle\u015fmesini izleyin. \u0130yi haz\u0131rlanm\u0131\u015f bir sabah mesaj\u0131n\u0131n g\u00fcc\u00fcn\u00fc kucaklay\u0131n ve mali durumlar\u0131n\u0131n kontrol\u00fcn\u00fc daha \u00f6nce hi\u00e7 olmad\u0131\u011f\u0131 gibi ele ge\u00e7irin.<\/p>\n<p>L\u00fctfen t\u00fcm etkile\u015fimlerde s\u0131n\u0131rlara, r\u0131zaya ve a\u00e7\u0131k ileti\u015fime sayg\u0131 g\u00f6stererek sorumlu finansal hakimiyet uygulay\u0131n.<\/p>","protected":false},"excerpt":{"rendered":"<h3 style=\"text-align: center;\">Findom 65 G\u00fcnayd\u0131n Mesajlar\u0131 Paketi ile tan\u0131\u015f\u0131n: Finansal Hakimiyetinizi G\u00fc\u00e7lendirin<\/h3>\n<p><strong>A\u015fa\u011f\u0131daki gibi mesajlar i\u00e7erir<\/strong><\/p>\n<ul>\n<li>Harika bir sabah. Para oynamak i\u00e7in harika bir g\u00fcn olacak! Bug\u00fcn gelecek t\u00fcm yaramaz ve lezzetli nakit ak\u0131\u015flar\u0131n\u0131 \u015fimdiden d\u00f6rt g\u00f6zle bekliyorum. \ud83d\ude09 #GoodMorning #FinancialDomination #Findom<\/li>\n<li>Olas\u0131l\u0131klarla dolu bir g\u00fcn\u00fcn daha ba\u015flad\u0131\u011f\u0131n\u0131 duyuruyorum! \ud83d\udcb8 Umar\u0131m bug\u00fcn beni daha da zenginle\u015ftirmeye haz\u0131rs\u0131nd\u0131r, benim yaramaz k\u00fc\u00e7\u00fck paypig'im. \ud83d\ude09 #Findom #Femdom #FinancialDomination<\/li>\n<li><span data-sheets-value=\"{&quot;1&quot;:2,&quot;2&quot;:&quot;I know it's been a while since I gave you something to be grateful for, so here's your chance: open your wallet and pay tribute to me this morning \u2615\ufe0f \ud83d\ude09&quot;}\" data-sheets-userformat=\"{&quot;2&quot;:8961,&quot;3&quot;:{&quot;1&quot;:0},&quot;11&quot;:4,&quot;12&quot;:0,&quot;16&quot;:12}\">Size minnettar olaca\u011f\u0131n\u0131z bir \u015fey vermeyeli uzun zaman oldu\u011funu biliyorum, i\u015fte size bir f\u0131rsat: c\u00fczdan\u0131n\u0131z\u0131 a\u00e7\u0131n ve bu sabah bana sayg\u0131 g\u00f6sterin! \u2615\ufe0f \ud83d\ude09<\/span><\/li>\n<\/ul>","protected":false},"featured_media":2284,"comment_status":"closed","ping_status":"closed","template":"","meta":[],"product_brand":[],"product_cat":[141],"product_tag":[28],"class_list":{"0":"post-1561","1":"product","2":"type-product","3":"status-publish","4":"has-post-thumbnail","6":"product_cat-messaging","7":"product_tag-findom","8":"infinite-scroll-item","9":"no-featured-image-padding","10":"sales-flash-overlay","11":"woocommerce-text-align-center","12":"woocommerce-image-align-center","13":"wc-has-gallery","15":"first","16":"instock","17":"downloadable","18":"virtual","19":"sold-individually","20":"purchasable","21":"product-type-simple"},"aioseo_notices":[],"_links":{"self":[{"href":"https:\/\/subtomy.com\/tr\/wp-json\/wp\/v2\/product\/1561","targetHints":{"allow":["GET"]}}],"collection":[{"href":"https:\/\/subtomy.com\/tr\/wp-json\/wp\/v2\/product"}],"about":[{"href":"https:\/\/subtomy.com\/tr\/wp-json\/wp\/v2\/types\/product"}],"replies":[{"embeddable":true,"href":"https:\/\/subtomy.com\/tr\/wp-json\/wp\/v2\/comments?post=1561"}],"wp:featuredmedia":[{"embeddable":true,"href":"https:\/\/subtomy.com\/tr\/wp-json\/wp\/v2\/media\/2284"}],"wp:attachment":[{"href":"https:\/\/subtomy.com\/tr\/wp-json\/wp\/v2\/media?parent=1561"}],"wp:term":[{"taxonomy":"product_brand","embeddable":true,"href":"https:\/\/subtomy.com\/tr\/wp-json\/wp\/v2\/product_brand?post=1561"},{"taxonomy":"product_cat","embeddable":true,"href":"https:\/\/subtomy.com\/tr\/wp-json\/wp\/v2\/product_cat?post=1561"},{"taxonomy":"product_tag","embeddable":true,"href":"https:\/\/subtomy.com\/tr\/wp-json\/wp\/v2\/product_tag?post=1561"}],"curies":[{"name":"wp","href":"https:\/\/api.w.org\/{rel}","templated":true}]}}