{"id":1816,"date":"2023-06-05T18:57:25","date_gmt":"2023-06-05T23:57:25","guid":{"rendered":"https:\/\/subtomy.com\/?post_type=product&#038;p=1816"},"modified":"2024-04-01T12:21:59","modified_gmt":"2024-04-01T17:21:59","slug":"joi-morning-messages-pack","status":"publish","type":"product","link":"https:\/\/subtomy.com\/tr\/urun\/joi-morning-messages-pack\/","title":{"rendered":"65 Toplu Mesajla\u015fma ve Bire Bir G\u00f6r\u00fc\u015fmeler i\u00e7in JOI Sabah Mesajlar\u0131 Paketi"},"content":{"rendered":"<h3 style=\"text-align: center;\">65 JOI Sabah Mesajlar\u0131 Paketi ile tan\u0131\u015f\u0131n: G\u00fcne Duygusal Rehberlikle Ba\u015flay\u0131n<\/h3>\n<p>JOI 65 Sabah Mesajlar\u0131 Paketi ile abonelerinizin sabah keyfini artt\u0131r\u0131n. Toplu mesajla\u015fma ve ki\u015fiselle\u015ftirilmi\u015f bire bir etkile\u015fimler i\u00e7in haz\u0131rlanm\u0131\u015f bu ba\u015ftan \u00e7\u0131kar\u0131c\u0131 ve emredici mesaj koleksiyonu, arzular\u0131n\u0131 uyand\u0131racak ve g\u00fcne ba\u015flarken zevklerine rehberlik edecek.<\/p>\n<ol>\n<li><strong>\u00c7ekici Selamlar<\/strong>: \u00c7ekici ve b\u00fcy\u00fcleyici selamlamalarla uyand\u0131klar\u0131 andan itibaren dikkatlerini \u00e7ekin. K\u0131\u015fk\u0131rt\u0131c\u0131 bir dil, m\u00fcstehcen emojiler veya ba\u015ftan \u00e7\u0131kar\u0131c\u0131 g\u00f6rseller kullanarak unutulmaz bir zevk sabah\u0131n\u0131n tonunu belirleyin.<\/li>\n<li><strong>Ki\u015fiselle\u015ftirilmi\u015f Adres<\/strong>: Abonelerinize isimleriyle hitap ederek veya \u00f6zel ilgi alanlar\u0131n\u0131 dahil ederek ki\u015fisel bir ba\u011flant\u0131 kurun. G\u00f6r\u00fcld\u00fcklerini ve arzuland\u0131klar\u0131n\u0131 hissetmelerini sa\u011flay\u0131n, ileride yatan zevk i\u00e7in beklentilerini yo\u011funla\u015ft\u0131ran bir samimiyet duygusu yarat\u0131n.<\/li>\n<li><strong>A\u00e7\u0131k Talimatlar<\/strong>: Alacaklar\u0131 zevki y\u00f6nlendirmek i\u00e7in ayr\u0131nt\u0131l\u0131 talimatlar verin. Kendilerine nas\u0131l dokunmalar\u0131n\u0131 istedi\u011finizi, hangi teknikleri kullanacaklar\u0131n\u0131 ve takip etmeleri gereken tempoyu a\u00e7\u0131klay\u0131n. Sabah zevklerinin kontrol\u00fcn\u00fc elinize al\u0131n ve onlar\u0131 yeni co\u015fku zirvelerine g\u00f6t\u00fcr\u00fcn.<\/li>\n<li><strong>\u015eehvetli Senaryolar<\/strong>: Hayal g\u00fc\u00e7lerini ate\u015fleyen ve uyar\u0131lmalar\u0131n\u0131 yo\u011funla\u015ft\u0131ran \u015fehvetli senaryolar \u00e7izin. Ba\u015ftan \u00e7\u0131kar\u0131c\u0131 senaryolar\u0131 veya \u00f6zel fantezilerine g\u00f6re uyarlanm\u0131\u015f senaryolar\u0131 tan\u0131mlay\u0131n, onlar\u0131 uzman rehberli\u011finiz alt\u0131nda arzular\u0131n\u0131 \u015f\u0131martmaya davet edin.<\/li>\n<li><strong>A\u015famal\u0131 Stim\u00fclasyon<\/strong>: Yava\u015f ba\u015flamalar\u0131n\u0131 ve yo\u011funlu\u011fu kademeli olarak art\u0131rmalar\u0131n\u0131 s\u00f6yleyerek onlar\u0131 artan bir zevk yolculu\u011funa y\u00f6nlendirin. \u00c7e\u015fitli hisler ve teknikler arac\u0131l\u0131\u011f\u0131yla onlara rehberlik edin ve kademeli bir zevk birikimi ya\u015famalar\u0131na izin verin.<\/li>\n<li><strong>S\u00f6zl\u00fc Te\u015fvik<\/strong>: Heyecanlar\u0131n\u0131 k\u00f6r\u00fcklemek ve uyar\u0131lmalar\u0131n\u0131 motive etmek i\u00e7in ba\u015ftan \u00e7\u0131kar\u0131c\u0131 ve te\u015fvik edici bir dil kullan\u0131n. Onlara size verdikleri zevki ve emirlerinize boyun e\u011ferek ya\u015fad\u0131klar\u0131 memnuniyeti hat\u0131rlat\u0131n.<\/li>\n<li><strong>Alayc\u0131 Teaserlar<\/strong>: Yakla\u015fan seanslar\u0131n, yeni tekniklerin veya \u00f6zel i\u00e7eriklerin k\u0131\u015fk\u0131rt\u0131c\u0131 bak\u0131\u015flar\u0131yla duyular\u0131n\u0131 k\u0131\u015fk\u0131rt\u0131n. Sizinle gelecekteki kar\u015f\u0131la\u015fmalar i\u00e7in beklenti yarat\u0131n ve onlar\u0131 daha fazlas\u0131 i\u00e7in \u00f6zlem i\u00e7inde b\u0131rak\u0131n.<\/li>\n<li><strong>\u0130nteraktif Kat\u0131l\u0131m<\/strong>: Onlar\u0131 deneyimlerini, fantezilerini veya isteklerini payla\u015fmaya davet ederek etkile\u015fimi te\u015fvik edin. A\u00e7\u0131k diyalog i\u00e7in g\u00fcvenli bir alan yarat\u0131n, arzular\u0131n\u0131 ke\u015ffetmelerine ve rehberli\u011finizle olan ba\u011flant\u0131lar\u0131n\u0131 derinle\u015ftirmelerine izin verin.<\/li>\n<li><strong>Oturum Sonras\u0131 D\u00fc\u015f\u00fcnce<\/strong>: Oturumdan sonra, bir d\u00fc\u015f\u00fcnme ve \u00f6zen an\u0131 sa\u011flay\u0131n. Onlar\u0131 d\u00fc\u015f\u00fcncelerini, duygular\u0131n\u0131 veya sahip olabilecekleri herhangi bir geri bildirimi payla\u015fmaya te\u015fvik edin. Rehberli\u011finize duyduklar\u0131 g\u00fcven ve ba\u011fl\u0131l\u0131k i\u00e7in minnettarl\u0131\u011f\u0131n\u0131z\u0131 g\u00f6sterin.<\/li>\n<\/ol>\n<p>65 JOI Sabah Mesajlar\u0131 Paketi ile abonelerinizin g\u00fcn\u00fcne \u015fehvetli rehberlik ve zevk ile ba\u015flama g\u00fcc\u00fcne sahipsiniz. Arzular\u0131n\u0131 uyand\u0131r\u0131n, dikkatlerine h\u00fckmedin ve onlar\u0131 k\u0131sa s\u00fcrede unutamayacaklar\u0131 bir co\u015fku yolculu\u011funa \u00e7\u0131kar\u0131n.<\/p>\n<p>R\u0131zaya, ileti\u015fime \u00f6ncelik vermeyi ve aboneleriniz i\u00e7in g\u00fcvenli bir ortam yaratmay\u0131 unutmay\u0131n. S\u0131n\u0131rlar\u0131n\u0131 kendi h\u0131zlar\u0131nda ke\u015ffetmeleri i\u00e7in onlar\u0131 te\u015fvik edin ve her zaman s\u0131n\u0131rlar\u0131na sayg\u0131 g\u00f6sterin.<\/p>","protected":false},"excerpt":{"rendered":"<h3 style=\"text-align: center;\">Introducing the 65 JOI Morning Messages Pack: Start Their Day with Sensual Guidance<\/h3>\n<p>Examples include:<\/p>\n<ul>\n<li><em>Exquisite morning, my love \ud83d\udc8b I can almost feel your touch as I imagine you stroking yourself with me in mind. My instructions will leave you trembling with desire and aching for more. Let&#8217;s make this morning special; how about starting the day off right?\u00a0<\/em><\/li>\n<li><em>Hurry up and wake up, [Name], I&#8217;m feeling naughty and ready to give you the best JOI experience of your life \ud83e\udd29 Start your day off right with my voice guiding you through every stroke until pleasure takes over. \ud83d\ude09<\/em><\/li>\n<li><em>More than just a good morning, I want to give you something special \ud83e\udd29. I&#8217;m going to whisper naughty instructions in your ear and make all your fantasies come true \ud83d\udc45. Let me take control of you for the day and show you how hot it can be when we play together \u2764\ufe0f<\/em><\/li>\n<\/ul>\n","protected":false},"featured_media":2331,"comment_status":"closed","ping_status":"closed","template":"","meta":[],"product_brand":[],"product_cat":[141],"product_tag":[48],"class_list":{"0":"post-1816","1":"product","2":"type-product","3":"status-publish","4":"has-post-thumbnail","6":"product_cat-messaging","7":"product_tag-joi","8":"infinite-scroll-item","9":"no-featured-image-padding","10":"sales-flash-overlay","11":"woocommerce-text-align-center","12":"woocommerce-image-align-center","13":"wc-has-gallery","15":"first","16":"instock","17":"downloadable","18":"virtual","19":"sold-individually","20":"purchasable","21":"product-type-simple"},"aioseo_notices":[],"_links":{"self":[{"href":"https:\/\/subtomy.com\/tr\/wp-json\/wp\/v2\/product\/1816","targetHints":{"allow":["GET"]}}],"collection":[{"href":"https:\/\/subtomy.com\/tr\/wp-json\/wp\/v2\/product"}],"about":[{"href":"https:\/\/subtomy.com\/tr\/wp-json\/wp\/v2\/types\/product"}],"replies":[{"embeddable":true,"href":"https:\/\/subtomy.com\/tr\/wp-json\/wp\/v2\/comments?post=1816"}],"wp:featuredmedia":[{"embeddable":true,"href":"https:\/\/subtomy.com\/tr\/wp-json\/wp\/v2\/media\/2331"}],"wp:attachment":[{"href":"https:\/\/subtomy.com\/tr\/wp-json\/wp\/v2\/media?parent=1816"}],"wp:term":[{"taxonomy":"product_brand","embeddable":true,"href":"https:\/\/subtomy.com\/tr\/wp-json\/wp\/v2\/product_brand?post=1816"},{"taxonomy":"product_cat","embeddable":true,"href":"https:\/\/subtomy.com\/tr\/wp-json\/wp\/v2\/product_cat?post=1816"},{"taxonomy":"product_tag","embeddable":true,"href":"https:\/\/subtomy.com\/tr\/wp-json\/wp\/v2\/product_tag?post=1816"}],"curies":[{"name":"wp","href":"https:\/\/api.w.org\/{rel}","templated":true}]}}