{"id":585,"date":"2023-04-13T23:44:56","date_gmt":"2023-04-14T04:44:56","guid":{"rendered":"https:\/\/shop.cammodelagency.com\/?post_type=product&#038;p=585"},"modified":"2024-03-26T19:39:22","modified_gmt":"2024-03-27T00:39:22","slug":"onlyfans-captions","status":"publish","type":"product","link":"https:\/\/subtomy.com\/tr\/urun\/onlyfans-basliklari-2\/","title":{"rendered":"100+ OnlyFans, Reddit ve Sosyal Medya Ba\u015fl\u0131k Paketi"},"content":{"rendered":"<p>OnlyFans i\u00e7eri\u011finizi taze ve ilgi \u00e7ekici tutmak m\u0131 istiyorsunuz? Yeti\u015fkin modeller i\u00e7in sosyal medya ba\u015fl\u0131k paketimiz sizi bekliyor!<\/p>\n<p>ile <strong>100'den fazla benzersiz ba\u015fl\u0131k<\/strong> Yeti\u015fkinlere y\u00f6nelik i\u00e7erikler i\u00e7in \u00f6zel olarak tasarlanan paketimiz, kitlenizin dikkatini \u00e7ekmenize ve daha fazlas\u0131 i\u00e7in geri gelmelerini sa\u011flaman\u0131za yard\u0131mc\u0131 olacakt\u0131r. Fl\u00f6rtten m\u00fcstehcenli\u011fe kadar \u00e7ok \u00e7e\u015fitli tema ve senaryolar\u0131 kapsayan altyaz\u0131lar\u0131m\u0131z sayesinde her g\u00f6nderi i\u00e7in m\u00fckemmel altyaz\u0131y\u0131 bulabilirsiniz.<\/p>\n<p>Kullan\u0131m\u0131 kolay format\u0131m\u0131z, se\u00e7ti\u011finiz ba\u015fl\u0131\u011f\u0131 kopyalay\u0131p OnlyFans g\u00f6nderinize yap\u0131\u015ft\u0131rman\u0131z\u0131 kolayla\u015ft\u0131rarak zamandan ve emekten tasarruf etmenizi sa\u011flar. Ayr\u0131ca, aralar\u0131ndan se\u00e7im yapabilece\u011finiz \u00e7ok say\u0131da se\u00e7enekle, i\u00e7eri\u011finiz i\u00e7in fikirleriniz asla t\u00fckenmeyecek.<\/p>\n<p>\u0130ster en yeni i\u00e7 \u00e7ama\u015f\u0131r\u0131 setinizi sergilemek, ister ate\u015fli bir hikaye payla\u015fmak ya da hedef kitlenizle daha ki\u015fisel bir d\u00fczeyde ba\u011flant\u0131 kurmak istiyor olun, sosyal medya ba\u015fl\u0131k paketimiz OnlyFans i\u00e7eri\u011finizi \u00f6ne \u00e7\u0131karmak i\u00e7in ihtiyac\u0131n\u0131z olan her \u015feye sahiptir.<\/p>\n<p>\u00d6yleyse neden bekleyesiniz? OnlyFans sosyal medya ba\u015fl\u0131k paketimizi bug\u00fcn sipari\u015f edin ve i\u00e7eri\u011finizi bir \u00fcst seviyeye ta\u015f\u0131y\u0131n!<\/p>\n<p>Paketimiz \u015funlar\u0131 i\u00e7erir <strong>100'den fazla benzersiz ba\u015fl\u0131k<\/strong> OnlyFans i\u00e7eri\u011fi i\u00e7in \u00f6zel olarak tasarlanm\u0131\u015ft\u0131r, b\u00f6ylece takip\u00e7ilerinizin dikkatini \u00e7ekebilir ve daha fazlas\u0131 i\u00e7in geri gelmelerini sa\u011flayabilirsiniz. \u0130ster en yeni i\u00e7 \u00e7ama\u015f\u0131r\u0131 setinizi sergilemek, ister buharl\u0131 bir du\u015f sahnesini payla\u015fmak veya takip\u00e7ilerinize g\u00fcnl\u00fck rutininizin perde arkas\u0131n\u0131 g\u00f6stermek isteyin, altyaz\u0131lar\u0131m\u0131z bir a\u00e7\u0131klama yapman\u0131za yard\u0131mc\u0131 olacakt\u0131r.<\/p>\n<p>Ba\u015fl\u0131klar\u0131m\u0131z, \u015fakac\u0131dan k\u0131\u015fk\u0131rt\u0131c\u0131ya ve aradaki her \u015feye kadar \u00e7e\u015fitli temalar\u0131 kaps\u0131yor. \u0130ster takip\u00e7ilerinizi gizli bir bak\u0131\u015fla k\u0131zd\u0131rmak isteyin, ister onlar\u0131 ate\u015fli bir mesajla ba\u015ftan \u00e7\u0131karmak isteyin, sizi teminat alt\u0131na ald\u0131k. Kullan\u0131m\u0131 kolay format\u0131m\u0131z sayesinde, se\u00e7ti\u011finiz ba\u015fl\u0131\u011f\u0131 h\u0131zl\u0131 ve kolay bir \u015fekilde kopyalay\u0131p OnlyFans g\u00f6nderilerinize yap\u0131\u015ft\u0131rarak zamandan ve emekten tasarruf edebilirsiniz.<\/p>\n<p>OnlyFans i\u00e7eri\u011finizi bir \u00fcst seviyeye ta\u015f\u0131maya ve takip\u00e7ilerinizin ilgisini ve heyecan\u0131n\u0131 canl\u0131 tutmaya haz\u0131rsan\u0131z, sosyal medya ba\u015fl\u0131k paketimizi bug\u00fcn sipari\u015f edin!<\/p>","protected":false},"excerpt":{"rendered":"<p><strong>\u00d6m\u00fcr Boyu G\u00fcncellemeler!<\/strong><\/p>\n<p>OnlyFans i\u00e7eri\u011finizi di\u011ferlerinden ay\u0131rmak m\u0131 istiyorsunuz? Yeti\u015fkin modeller i\u00e7in sosyal medya ba\u015fl\u0131k paketimizden ba\u015fkas\u0131na bakmay\u0131n!<\/p>\n<p>\u00d6rnekler<\/p>\n<ul>\n<li><span data-sheets-value=\"{&quot;1&quot;:2,&quot;2&quot;:&quot;Easy as 1-2-3, let's get naughty \ud83d\udc8b Ready to unleash my wild side - who's ready to join me? #ReadyToPlay \ud83d\ude08&quot;}\" data-sheets-userformat=\"{&quot;2&quot;:8961,&quot;3&quot;:{&quot;1&quot;:0},&quot;11&quot;:4,&quot;12&quot;:0,&quot;16&quot;:12}\">1-2-3 kadar kolay, hadi yaramazl\u0131k yapal\u0131m \ud83d\udc8b Vah\u015fi taraf\u0131m\u0131 serbest b\u0131rakmaya haz\u0131r\u0131m - kim bana kat\u0131lmaya haz\u0131r? 1TP5OynamayaHaz\u0131r \ud83d\ude08<\/span><\/li>\n<li><span data-sheets-value=\"{&quot;1&quot;:2,&quot;2&quot;:&quot;Love to tease you with my \ud83d\udc8b\ud83e\udd75 Let's chat and explore our wildest fantasies together! #sexytime&quot;}\" data-sheets-userformat=\"{&quot;2&quot;:8961,&quot;3&quot;:{&quot;1&quot;:0},&quot;11&quot;:4,&quot;12&quot;:0,&quot;16&quot;:12}\">Seni benimle k\u0131zd\u0131rmay\u0131 seviyorum \ud83d\udc8b\ud83e\udd75 Hadi sohbet edelim ve en \u00e7\u0131lg\u0131n fantezilerimizi birlikte ke\u015ffedelim! #sexytime<\/span><\/li>\n<li><span data-sheets-value=\"{&quot;1&quot;:2,&quot;2&quot;:&quot;Reward yourself with some pleasure \ud83d\udca6 I'm feeling extra naughty today, wanna join me? \ud83d\ude09 #LetMeTeaseYou&quot;}\" data-sheets-userformat=\"{&quot;2&quot;:8961,&quot;3&quot;:{&quot;1&quot;:0},&quot;11&quot;:4,&quot;12&quot;:0,&quot;16&quot;:12}\">Kendinizi biraz zevkle \u00f6d\u00fcllendirin \ud83d\udca6 Bug\u00fcn ekstra yaramaz hissediyorum, bana kat\u0131lmak ister misiniz? \ud83d\ude09 #LetMeTeaseYou<\/span><\/li>\n<\/ul>\n<p><strong>(Ayr\u0131ca her ba\u015fl\u0131\u011f\u0131n hashtag i\u00e7ermeyen versiyonlar\u0131n\u0131 da i\u00e7erir)<\/strong><\/p>","protected":false},"featured_media":2318,"comment_status":"open","ping_status":"closed","template":"","meta":[],"product_brand":[],"product_cat":[22],"product_tag":[142],"class_list":{"0":"post-585","1":"product","2":"type-product","3":"status-publish","4":"has-post-thumbnail","6":"product_cat-captions","7":"product_tag-onlyfans","8":"infinite-scroll-item","9":"no-featured-image-padding","10":"sales-flash-overlay","11":"woocommerce-text-align-center","12":"woocommerce-image-align-center","13":"wc-has-gallery","15":"first","16":"instock","17":"downloadable","18":"virtual","19":"sold-individually","20":"purchasable","21":"product-type-simple"},"aioseo_notices":[],"_links":{"self":[{"href":"https:\/\/subtomy.com\/tr\/wp-json\/wp\/v2\/product\/585","targetHints":{"allow":["GET"]}}],"collection":[{"href":"https:\/\/subtomy.com\/tr\/wp-json\/wp\/v2\/product"}],"about":[{"href":"https:\/\/subtomy.com\/tr\/wp-json\/wp\/v2\/types\/product"}],"replies":[{"embeddable":true,"href":"https:\/\/subtomy.com\/tr\/wp-json\/wp\/v2\/comments?post=585"}],"wp:featuredmedia":[{"embeddable":true,"href":"https:\/\/subtomy.com\/tr\/wp-json\/wp\/v2\/media\/2318"}],"wp:attachment":[{"href":"https:\/\/subtomy.com\/tr\/wp-json\/wp\/v2\/media?parent=585"}],"wp:term":[{"taxonomy":"product_brand","embeddable":true,"href":"https:\/\/subtomy.com\/tr\/wp-json\/wp\/v2\/product_brand?post=585"},{"taxonomy":"product_cat","embeddable":true,"href":"https:\/\/subtomy.com\/tr\/wp-json\/wp\/v2\/product_cat?post=585"},{"taxonomy":"product_tag","embeddable":true,"href":"https:\/\/subtomy.com\/tr\/wp-json\/wp\/v2\/product_tag?post=585"}],"curies":[{"name":"wp","href":"https:\/\/api.w.org\/{rel}","templated":true}]}}