{"id":604,"date":"2023-04-14T18:59:44","date_gmt":"2023-04-14T23:59:44","guid":{"rendered":"https:\/\/shop.cammodelagency.com\/?post_type=product&#038;p=604"},"modified":"2024-03-21T14:20:51","modified_gmt":"2024-03-21T19:20:51","slug":"foot-fetish-captions","status":"publish","type":"product","link":"https:\/\/subtomy.com\/tr\/urun\/foot-fetish-captions\/","title":{"rendered":"Sosyal Medya, Reddit, OnlyFans vb. i\u00e7in 100+ Ayak Feti\u015fi Ba\u015fl\u0131\u011f\u0131"},"content":{"rendered":"<p>Ayak i\u00e7eri\u011fi satan bir yeti\u015fkin modeliyseniz, ayak feti\u015fi merakl\u0131lar\u0131n\u0131n dikkatini \u00e7ekmenin anahtar\u0131n\u0131n altyaz\u0131lar oldu\u011funu bilirsiniz. \u0130\u015fte bu y\u00fczden sizin gibi yeti\u015fkin modeller i\u00e7in en iyi ayak feti\u015fi sosyal medya altyaz\u0131 paketini olu\u015fturduk!<\/p>\n<p>Paketimiz, ayak i\u00e7erikleri i\u00e7in \u00f6zel olarak tasarlanm\u0131\u015f 100 benzersiz ba\u015fl\u0131k i\u00e7eriyor; b\u00f6ylece g\u00fczel ayaklar\u0131n\u0131z\u0131 sergileyebilir ve takip\u00e7ilerinizin daha fazlas\u0131 i\u00e7in geri gelmesini sa\u011flayabilirsiniz. \u0130ster en son pedik\u00fcr\u00fcn\u00fcz\u00fc g\u00f6steriyor olun, ister ayak masaj\u0131 yap\u0131yor ya da en sevdi\u011finiz topuklu ayakkab\u0131n\u0131z\u0131 payla\u015f\u0131yor olun, ba\u015fl\u0131klar\u0131m\u0131z bir a\u00e7\u0131klama yapman\u0131za yard\u0131mc\u0131 olacak.<\/p>\n<p>Ba\u015fl\u0131klar\u0131m\u0131z fl\u00f6rtten bask\u0131nl\u0131\u011fa ve aradaki her \u015feye kadar \u00e7e\u015fitli temalar\u0131 kaps\u0131yor. \u0130ster takip\u00e7ilerinizi k\u0131\u015fk\u0131rt\u0131c\u0131 bir a\u00e7\u0131klamayla k\u0131zd\u0131rmak isteyin, ister onlara kar\u015f\u0131 koyamayacaklar\u0131 bir emir vermek isteyin, sizi teminat alt\u0131na ald\u0131k. Kullan\u0131m\u0131 kolay format\u0131m\u0131z sayesinde, se\u00e7ti\u011finiz ba\u015fl\u0131\u011f\u0131 h\u0131zl\u0131 ve kolay bir \u015fekilde kopyalay\u0131p sosyal medya g\u00f6nderilerinize yap\u0131\u015ft\u0131rarak zamandan ve emekten tasarruf edebilirsiniz.<\/p>\n<p>Ayak i\u00e7eri\u011finizi bir \u00fcst seviyeye ta\u015f\u0131maya ve ayak feti\u015fi merakl\u0131lar\u0131n\u0131n sad\u0131k takip\u00e7ilerini \u00e7ekmeye haz\u0131rsan\u0131z, ayak feti\u015fi sosyal medya ba\u015fl\u0131k paketimizi bug\u00fcn sipari\u015f edin!<\/p>","protected":false},"excerpt":{"rendered":"<p><strong>\u00d6m\u00fcr Boyu G\u00fcncellemeler!<\/strong><\/p>\n<p>Ayak i\u00e7eri\u011fi satan bir yeti\u015fkin modeliyseniz ve ayak feti\u015fi kitlenizin ilgisini \u00e7ekmek istiyorsan\u0131z, ayak feti\u015fi sosyal medya ba\u015fl\u0131k paketimiz tam da ihtiyac\u0131n\u0131z olan \u015fey!<\/p>\n<p><strong>\u00d6rnek ba\u015fl\u0131klar:<\/strong><\/p>\n<ul>\n<li><span data-sheets-value=\"{&quot;1&quot;:2,&quot;2&quot;:&quot;As good as my feet look in heels, they feel even better out of them \ud83d\ude09 &quot;}\" data-sheets-userformat=\"{&quot;2&quot;:8192,&quot;16&quot;:12}\">Ayaklar\u0131m topuklu ayakkab\u0131lar\u0131n i\u00e7inde ne kadar iyi g\u00f6r\u00fcn\u00fcyorsa, topuklu ayakkab\u0131lar\u0131n d\u0131\u015f\u0131nda o kadar iyi hissediyor \ud83d\ude09 <\/span><\/li>\n<li><span data-sheets-value=\"{&quot;1&quot;:2,&quot;2&quot;:&quot;Flawless feet that will make you go \ud83e\udd24\ud83d\udca6\ud83d\ude0d Time to come and worship at my altar! #FeetLoversWelcome&quot;}\" data-sheets-userformat=\"{&quot;2&quot;:8961,&quot;3&quot;:{&quot;1&quot;:0},&quot;11&quot;:4,&quot;12&quot;:0,&quot;16&quot;:12}\">Sizi kendinizden ge\u00e7irecek kusursuz ayaklar \ud83e\udd24\ud83d\udca6\ud83d\ude0d Gelip suna\u011f\u0131mda ibadet etme zaman\u0131! #FeetLoversHo\u015fgeldiniz<\/span><\/li>\n<li><span data-sheets-value=\"{&quot;1&quot;:2,&quot;2&quot;:&quot;Only my feet can make you feel this way \ud83d\udc8b Come explore the pleasure and let me show you just how good it can be. \ud83e\udd24 #FeetLover&quot;}\" data-sheets-userformat=\"{&quot;2&quot;:8961,&quot;3&quot;:{&quot;1&quot;:0},&quot;11&quot;:4,&quot;12&quot;:0,&quot;16&quot;:12}\">Sadece ayaklar\u0131m size bu \u015fekilde hissettirebilir \ud83d\udc8b Gelin zevki ke\u015ffedin ve size ne kadar iyi olabilece\u011fini g\u00f6stermeme izin verin. \ud83e\udd24 #FeetLover<\/span><\/li>\n<\/ul>\n<p>Hashtag i\u00e7eren t\u00fcm ba\u015fl\u0131klar\u0131n kolay kopyala+yap\u0131\u015ft\u0131r i\u00e7in hashtag i\u00e7ermeyen alternatif bir s\u00fcr\u00fcm\u00fc vard\u0131r.<\/p>","protected":false},"featured_media":2288,"comment_status":"open","ping_status":"closed","template":"","meta":[],"product_brand":[],"product_cat":[22],"product_tag":[30],"class_list":{"0":"post-604","1":"product","2":"type-product","3":"status-publish","4":"has-post-thumbnail","6":"product_cat-captions","7":"product_tag-foot-fetish","8":"infinite-scroll-item","9":"no-featured-image-padding","10":"sales-flash-overlay","11":"woocommerce-text-align-center","12":"woocommerce-image-align-center","13":"wc-has-gallery","15":"first","16":"instock","17":"downloadable","18":"virtual","19":"sold-individually","20":"purchasable","21":"product-type-simple"},"aioseo_notices":[],"_links":{"self":[{"href":"https:\/\/subtomy.com\/tr\/wp-json\/wp\/v2\/product\/604","targetHints":{"allow":["GET"]}}],"collection":[{"href":"https:\/\/subtomy.com\/tr\/wp-json\/wp\/v2\/product"}],"about":[{"href":"https:\/\/subtomy.com\/tr\/wp-json\/wp\/v2\/types\/product"}],"replies":[{"embeddable":true,"href":"https:\/\/subtomy.com\/tr\/wp-json\/wp\/v2\/comments?post=604"}],"wp:featuredmedia":[{"embeddable":true,"href":"https:\/\/subtomy.com\/tr\/wp-json\/wp\/v2\/media\/2288"}],"wp:attachment":[{"href":"https:\/\/subtomy.com\/tr\/wp-json\/wp\/v2\/media?parent=604"}],"wp:term":[{"taxonomy":"product_brand","embeddable":true,"href":"https:\/\/subtomy.com\/tr\/wp-json\/wp\/v2\/product_brand?post=604"},{"taxonomy":"product_cat","embeddable":true,"href":"https:\/\/subtomy.com\/tr\/wp-json\/wp\/v2\/product_cat?post=604"},{"taxonomy":"product_tag","embeddable":true,"href":"https:\/\/subtomy.com\/tr\/wp-json\/wp\/v2\/product_tag?post=604"}],"curies":[{"name":"wp","href":"https:\/\/api.w.org\/{rel}","templated":true}]}}