{"id":640,"date":"2023-04-17T16:46:17","date_gmt":"2023-04-17T21:46:17","guid":{"rendered":"https:\/\/shop.cammodelagency.com\/?post_type=product&#038;p=640"},"modified":"2023-05-15T22:43:13","modified_gmt":"2023-05-16T03:43:13","slug":"yogi-yoga-captions","status":"publish","type":"product","link":"https:\/\/subtomy.com\/tr\/urun\/yogi-yoga-basliklari\/","title":{"rendered":"OnlyFans, Reddit, Sosyal Medya vb. i\u00e7in 100+ Yogi\/Yoga Altyaz\u0131s\u0131"},"content":{"rendered":"<p>Yogay\u0131 seven ve sosyal medyada hizmetlerinizi tan\u0131t\u0131rken esnekli\u011finizi ve g\u00fcc\u00fcn\u00fcz\u00fc sergilemek isteyen bir OnlyFans modeli misiniz? Yoga medya ba\u015fl\u0131k paketimiz size yard\u0131mc\u0131 olmak i\u00e7in burada!<\/p>\n<p>Paketimiz, takip\u00e7ilerinizin ilgisini \u00e7ekmenize ve video hizmetlerinizi tan\u0131tman\u0131za yard\u0131mc\u0131 olmak i\u00e7in tasarlanm\u0131\u015f 100 benzersiz ba\u015fl\u0131k i\u00e7eriyor. \u0130ster zorlu bir yoga pozu verirken \u00e7ekilmi\u015f bir foto\u011fraf\u0131n\u0131z\u0131 yay\u0131nl\u0131yor ister g\u00fcc\u00fcn\u00fcz\u00fc ve esnekli\u011finizi vurgulayan bir mesaj payla\u015f\u0131yor olun, ba\u015fl\u0131klar\u0131m\u0131z takip\u00e7ilerinizin dikkatini \u00e7ekmenize ve yoga becerilerinizi sergilemenize yard\u0131mc\u0131 olacak.<\/p>\n<p>Ba\u015fl\u0131klar\u0131m\u0131z ilham verici, motive edici ve bunlar\u0131n aras\u0131ndaki her \u015feyi kapsayan bir dizi temay\u0131 kaps\u0131yor. \u0130ster en sevdi\u011finiz yoga s\u00f6zlerini payla\u015fmak, ister yogan\u0131n fiziksel ve zihinsel faydalar\u0131n\u0131 vurgulamak isteyin, her \u015fey d\u00fc\u015f\u00fcn\u00fcld\u00fc. Kullan\u0131m\u0131 kolay format\u0131m\u0131z sayesinde, se\u00e7ti\u011finiz altyaz\u0131y\u0131 h\u0131zl\u0131 ve kolay bir \u015fekilde kopyalay\u0131p sosyal medya payla\u015f\u0131mlar\u0131n\u0131za yap\u0131\u015ft\u0131rarak zamandan ve emekten tasarruf edebilirsiniz.<\/p>\n<p>\u00d6rnekler:<\/p>\n<ul>\n<li><span data-sheets-value=\"{&quot;1&quot;:2,&quot;2&quot;:&quot;Can you feel the heat? \ud83d\udd25 I love being in control of my own body and showing off all my favorite yoga poses. Come join me on OnlyFans to get an intimate look into my spiritual, sexy side! \ud83d\udc8b &quot;}\" data-sheets-userformat=\"{&quot;2&quot;:14656,&quot;9&quot;:0,&quot;11&quot;:4,&quot;14&quot;:{&quot;1&quot;:2,&quot;2&quot;:0},&quot;15&quot;:&quot;Verdana&quot;,&quot;16&quot;:11}\">S\u0131cakl\u0131\u011f\u0131 hissedebiliyor musun? \ud83d\udd25 Kendi bedenimin kontrol\u00fcnde olmay\u0131 ve en sevdi\u011fim yoga pozlar\u0131n\u0131 g\u00f6stermeyi seviyorum. Ruhani, seksi taraf\u0131ma samimi bir bak\u0131\u015f atmak i\u00e7in OnlyFans'ta bana kat\u0131l\u0131n! \ud83d\udc8b <\/span><\/li>\n<li><span data-sheets-value=\"{&quot;1&quot;:2,&quot;2&quot;:&quot;Gorgeous, graceful and oh so sexy. \ud83e\udd75 Join me in my yoga journey and let's chat about our favorite positions! I'm here to help you reach your full potential when it comes to physical, mental and spiritual health. Let's get sweaty together! \ud83d\ude09 &quot;}\" data-sheets-userformat=\"{&quot;2&quot;:14656,&quot;9&quot;:0,&quot;11&quot;:4,&quot;14&quot;:{&quot;1&quot;:2,&quot;2&quot;:0},&quot;15&quot;:&quot;Verdana&quot;,&quot;16&quot;:11}\">Muhte\u015fem, zarif ve \u00e7ok seksi. \ud83e\udd75 Yoga yolculu\u011fumda bana kat\u0131l\u0131n ve favori pozisyonlar\u0131m\u0131z hakk\u0131nda sohbet edelim! Fiziksel, zihinsel ve ruhsal sa\u011fl\u0131k s\u00f6z konusu oldu\u011funda tam potansiyelinize ula\u015fman\u0131za yard\u0131mc\u0131 olmak i\u00e7in buraday\u0131m. Hadi birlikte terleyelim! \ud83d\ude09<\/span><\/li>\n<li><span data-sheets-value=\"{&quot;1&quot;:2,&quot;2&quot;:&quot;Why can't yoga be both spiritual and sexy? \ud83e\udd29 Get ready to strike a pose with me in my new OnlyFans content! I'm feeling so pretty, strong &amp; confident today. Let's talk about our favorite positions together &amp; explore our wildest fantasies. \u2764\ufe0f #yoga #spiritualsexy&quot;}\" data-sheets-userformat=\"{&quot;2&quot;:8961,&quot;3&quot;:{&quot;1&quot;:0},&quot;11&quot;:4,&quot;12&quot;:0,&quot;16&quot;:12}\">Yoga neden hem ruhani hem de seksi olamaz? \ud83e\udd29 Yeni OnlyFans i\u00e7eri\u011fimde benimle birlikte poz vermeye haz\u0131r olun! Bug\u00fcn kendimi \u00e7ok g\u00fczel, g\u00fc\u00e7l\u00fc ve \u00f6zg\u00fcvenli hissediyorum. Birlikte en sevdi\u011fimiz pozisyonlar hakk\u0131nda konu\u015fal\u0131m ve en \u00e7\u0131lg\u0131n fantezilerimizi ke\u015ffedelim. \u2764\ufe0f #yoga #spiritualsexy<\/span><\/li>\n<\/ul>\n<p>Takip\u00e7ilerinizin ilgisini \u00e7ekmek ve hizmetlerinizi OnlyFans'ta tan\u0131tmak isteyen bir yoga tutkunuysan\u0131z, yoga medya ba\u015fl\u0131k paketimizi bug\u00fcn sipari\u015f edin!<\/p>","protected":false},"excerpt":{"rendered":"<p>Yogay\u0131 seven ve sosyal medyada hizmetlerinizi tan\u0131t\u0131rken esnekli\u011finizi ve g\u00fcc\u00fcn\u00fcz\u00fc sergilemek isteyen bir OnlyFans modeli misiniz? Yoga medya ba\u015fl\u0131k paketimiz size yard\u0131mc\u0131 olmak i\u00e7in burada!<\/p>\n<p>\u00d6rnekler:<\/p>\n<ul>\n<li><span data-sheets-value=\"{&quot;1&quot;:2,&quot;2&quot;:&quot;Can you feel the heat? \ud83d\udd25 I love being in control of my own body and showing off all my favorite yoga poses. Come join me on OnlyFans to get an intimate look into my spiritual, sexy side! \ud83d\udc8b &quot;}\" data-sheets-userformat=\"{&quot;2&quot;:14656,&quot;9&quot;:0,&quot;11&quot;:4,&quot;14&quot;:{&quot;1&quot;:2,&quot;2&quot;:0},&quot;15&quot;:&quot;Verdana&quot;,&quot;16&quot;:11}\">S\u0131cakl\u0131\u011f\u0131 hissedebiliyor musun? \ud83d\udd25 Kendi bedenimin kontrol\u00fcnde olmay\u0131 ve en sevdi\u011fim yoga pozlar\u0131n\u0131 g\u00f6stermeyi seviyorum. Ruhani, seksi taraf\u0131ma samimi bir bak\u0131\u015f atmak i\u00e7in OnlyFans'ta bana kat\u0131l\u0131n! \ud83d\udc8b <\/span><\/li>\n<li><span data-sheets-value=\"{&quot;1&quot;:2,&quot;2&quot;:&quot;Gorgeous, graceful and oh so sexy. \ud83e\udd75 Join me in my yoga journey and let's chat about our favorite positions! I'm here to help you reach your full potential when it comes to physical, mental and spiritual health. Let's get sweaty together! \ud83d\ude09 &quot;}\" data-sheets-userformat=\"{&quot;2&quot;:14656,&quot;9&quot;:0,&quot;11&quot;:4,&quot;14&quot;:{&quot;1&quot;:2,&quot;2&quot;:0},&quot;15&quot;:&quot;Verdana&quot;,&quot;16&quot;:11}\">Muhte\u015fem, zarif ve \u00e7ok seksi. \ud83e\udd75 Yoga yolculu\u011fumda bana kat\u0131l\u0131n ve favori pozisyonlar\u0131m\u0131z hakk\u0131nda sohbet edelim! Fiziksel, zihinsel ve ruhsal sa\u011fl\u0131k s\u00f6z konusu oldu\u011funda tam potansiyelinize ula\u015fman\u0131za yard\u0131mc\u0131 olmak i\u00e7in buraday\u0131m. Hadi birlikte terleyelim! \ud83d\ude09<\/span><\/li>\n<li><span data-sheets-value=\"{&quot;1&quot;:2,&quot;2&quot;:&quot;Why can't yoga be both spiritual and sexy? \ud83e\udd29 Get ready to strike a pose with me in my new OnlyFans content! I'm feeling so pretty, strong &amp; confident today. Let's talk about our favorite positions together &amp; explore our wildest fantasies. \u2764\ufe0f #yoga #spiritualsexy&quot;}\" data-sheets-userformat=\"{&quot;2&quot;:8961,&quot;3&quot;:{&quot;1&quot;:0},&quot;11&quot;:4,&quot;12&quot;:0,&quot;16&quot;:12}\">Yoga neden hem ruhani hem de seksi olamaz? \ud83e\udd29 Yeni OnlyFans i\u00e7eri\u011fimde benimle birlikte poz vermeye haz\u0131r olun! Bug\u00fcn kendimi \u00e7ok g\u00fczel, g\u00fc\u00e7l\u00fc ve \u00f6zg\u00fcvenli hissediyorum. Birlikte en sevdi\u011fimiz pozisyonlar hakk\u0131nda konu\u015fal\u0131m ve en \u00e7\u0131lg\u0131n fantezilerimizi ke\u015ffedelim. \u2764\ufe0f #yoga #spiritualsexy<\/span><\/li>\n<\/ul>","protected":false},"featured_media":1232,"comment_status":"open","ping_status":"closed","template":"","meta":[],"product_brand":[],"product_cat":[22],"product_tag":[43],"class_list":{"0":"post-640","1":"product","2":"type-product","3":"status-publish","4":"has-post-thumbnail","6":"product_cat-captions","7":"product_tag-yoga","8":"infinite-scroll-item","9":"no-featured-image-padding","10":"sales-flash-overlay","11":"woocommerce-text-align-center","12":"woocommerce-image-align-center","13":"wc-has-gallery","15":"first","16":"instock","17":"downloadable","18":"virtual","19":"sold-individually","20":"purchasable","21":"product-type-simple"},"aioseo_notices":[],"_links":{"self":[{"href":"https:\/\/subtomy.com\/tr\/wp-json\/wp\/v2\/product\/640","targetHints":{"allow":["GET"]}}],"collection":[{"href":"https:\/\/subtomy.com\/tr\/wp-json\/wp\/v2\/product"}],"about":[{"href":"https:\/\/subtomy.com\/tr\/wp-json\/wp\/v2\/types\/product"}],"replies":[{"embeddable":true,"href":"https:\/\/subtomy.com\/tr\/wp-json\/wp\/v2\/comments?post=640"}],"wp:featuredmedia":[{"embeddable":true,"href":"https:\/\/subtomy.com\/tr\/wp-json\/wp\/v2\/media\/1232"}],"wp:attachment":[{"href":"https:\/\/subtomy.com\/tr\/wp-json\/wp\/v2\/media?parent=640"}],"wp:term":[{"taxonomy":"product_brand","embeddable":true,"href":"https:\/\/subtomy.com\/tr\/wp-json\/wp\/v2\/product_brand?post=640"},{"taxonomy":"product_cat","embeddable":true,"href":"https:\/\/subtomy.com\/tr\/wp-json\/wp\/v2\/product_cat?post=640"},{"taxonomy":"product_tag","embeddable":true,"href":"https:\/\/subtomy.com\/tr\/wp-json\/wp\/v2\/product_tag?post=640"}],"curies":[{"name":"wp","href":"https:\/\/api.w.org\/{rel}","templated":true}]}}