{"id":661,"date":"2023-04-17T19:01:16","date_gmt":"2023-04-18T00:01:16","guid":{"rendered":"https:\/\/shop.cammodelagency.com\/?post_type=product&#038;p=661"},"modified":"2023-05-15T22:43:03","modified_gmt":"2023-05-16T03:43:03","slug":"college-slut-captions","status":"publish","type":"product","link":"https:\/\/subtomy.com\/tr\/urun\/kolej-surtuk-basliklari\/","title":{"rendered":"OnlyFans, Reddit, Sosyal Medya vb. i\u00e7in 100+ \u00dcniversiteli S\u00fcrt\u00fck Ba\u015fl\u0131\u011f\u0131"},"content":{"rendered":"<p>\u00dcniversite ruhunuzu g\u00f6stermeyi ve sosyal medyada takip\u00e7ilerinizle ba\u011flant\u0131 kurmay\u0131 seven bir OnlyFans modeli misiniz? \u00dcniversiteli k\u0131zlar medya ba\u015fl\u0131k paketimiz, hizmetlerinizi tan\u0131tman\u0131za ve kitlenizin ilgisini \u00e7ekmenize yard\u0131mc\u0131 olmak i\u00e7in burada!<\/p>\n<p>Paketimiz, okulunuza olan sevginizi sergilemenize ve video hizmetlerinizi tan\u0131tman\u0131za yard\u0131mc\u0131 olmak i\u00e7in tasarlanm\u0131\u015f 100'den fazla benzersiz altyaz\u0131 i\u00e7eriyor. \u0130ster okulunuzun renkleriyle \u00e7ekilmi\u015f bir foto\u011fraf\u0131n\u0131z\u0131 yay\u0131nl\u0131yor ister akademik ba\u015far\u0131lar\u0131n\u0131z\u0131 vurgulayan bir mesaj payla\u015f\u0131yor olun, altyaz\u0131lar\u0131m\u0131z izleyicilerinizin dikkatini \u00e7ekmenize ve \u00fcniversite ruhunuzu sergilemenize yard\u0131mc\u0131 olacak.<\/p>\n<p>Ba\u015fl\u0131klar\u0131m\u0131z espriliden ilham vericiye ve bunlar\u0131n aras\u0131ndaki her \u015feye kadar \u00e7e\u015fitli temalar\u0131 kaps\u0131yor. \u0130ster en sevdi\u011finiz \u00fcniversite s\u00f6zlerini payla\u015fmak ister kamp\u00fcs ya\u015fam\u0131na kat\u0131l\u0131m\u0131n\u0131z\u0131 vurgulamak isteyin, her \u015feyi d\u00fc\u015f\u00fcnd\u00fck. Kullan\u0131m\u0131 kolay format\u0131m\u0131z sayesinde, se\u00e7ti\u011finiz altyaz\u0131y\u0131 h\u0131zl\u0131 ve kolay bir \u015fekilde kopyalay\u0131p sosyal medya g\u00f6nderilerinize yap\u0131\u015ft\u0131rarak zamandan ve emekten tasarruf edebilirsiniz.<\/p>\n<p>Takip\u00e7ilerinizin ilgisini \u00e7ekmek ve OnlyFans'ta hizmetlerinizi tan\u0131tmak isteyen bir \u00fcniversiteli k\u0131zsan\u0131z, \u00fcniversiteli k\u0131zlar medya ba\u015fl\u0131k paketimizi bug\u00fcn sipari\u015f edin!<\/p>\n<p>\u00d6rnekler:<\/p>\n<ul>\n<li><span data-sheets-value=\"{&quot;1&quot;:2,&quot;2&quot;:&quot;Because college isn't all about classes! \ud83e\udd29 I'm feeling extra naughty and sexy today, so come join my OnlyFans to find out why. I'm always up for talking with my fans, so don't be shy! Let's get wild and have some fun...I promise you won't regret it. \ud83d\ude09 &quot;}\" data-sheets-userformat=\"{&quot;2&quot;:14656,&quot;9&quot;:0,&quot;11&quot;:4,&quot;14&quot;:{&quot;1&quot;:2,&quot;2&quot;:0},&quot;15&quot;:&quot;Verdana&quot;,&quot;16&quot;:11}\">\u00c7\u00fcnk\u00fc \u00fcniversite sadece derslerden ibaret de\u011fildir! \ud83e\udd29 Bug\u00fcn kendimi ekstra yaramaz ve seksi hissediyorum, bu y\u00fczden nedenini \u00f6\u011frenmek i\u00e7in gelin OnlyFans'\u0131ma kat\u0131l\u0131n. Hayranlar\u0131mla konu\u015fmak i\u00e7in her zaman haz\u0131r\u0131m, bu y\u00fczden utanmay\u0131n! Hadi vah\u015file\u015felim ve biraz e\u011flenelim... S\u00f6z veriyorum pi\u015fman olmayacaks\u0131n\u0131z \ud83d\ude09 <\/span><\/li>\n<li><span data-sheets-value=\"{&quot;1&quot;:2,&quot;2&quot;:&quot;I'm the college slut you've been dreaming about \ud83e\udd29 Pretty, sexy and smart - I'm the complete package! Got a question for me? DM me to talk all things naughty. Whether it's my favorite class or what I *really* like in bed \ud83d\ude09 Let's get dirty \ud83d\ude08 &quot;}\" data-sheets-userformat=\"{&quot;2&quot;:14656,&quot;9&quot;:0,&quot;11&quot;:4,&quot;14&quot;:{&quot;1&quot;:2,&quot;2&quot;:0},&quot;15&quot;:&quot;Verdana&quot;,&quot;16&quot;:11}\">Ben hayalini kurdu\u011fun \u00fcniversiteli s\u00fcrt\u00fc\u011f\u00fcm \ud83e\udd29 G\u00fczel, seksi ve ak\u0131ll\u0131 - ben tam bir paketim! Bana bir sorunuz mu var? Yaramaz olan her \u015feyi konu\u015fmak i\u00e7in bana DM at\u0131n. En sevdi\u011fim s\u0131n\u0131f ya da yatakta * ger\u00e7ekten * neyi sevdi\u011fim olsun \ud83d\ude09 Hadi kirlenelim \ud83d\ude08 <\/span><\/li>\n<li><span data-sheets-value=\"{&quot;1&quot;:2,&quot;2&quot;:&quot;The best part of college? \ud83e\udd29 Learning all the naughty secrets in my favorite classes! \ud83e\udd2a Come talk with me, I\u2019m always up for some fun conversation. And maybe something more? \ud83d\ude09 &quot;}\" data-sheets-userformat=\"{&quot;2&quot;:14656,&quot;9&quot;:0,&quot;11&quot;:4,&quot;14&quot;:{&quot;1&quot;:2,&quot;2&quot;:0},&quot;15&quot;:&quot;Verdana&quot;,&quot;16&quot;:11}\">\u00dcniversitenin en iyi yan\u0131? \ud83e\udd29 En sevdi\u011fim derslerde t\u00fcm yaramaz s\u0131rlar\u0131 \u00f6\u011frenmek! \ud83e\udd2a Gel benimle konu\u015f, her zaman e\u011flenceli bir sohbete haz\u0131r\u0131m. Ve belki daha fazlas\u0131? \ud83d\ude09<\/span><\/li>\n<\/ul>","protected":false},"excerpt":{"rendered":"<p>\u00dcniversite ruhunuzu g\u00f6stermeyi ve sosyal medyada takip\u00e7ilerinizle ba\u011flant\u0131 kurmay\u0131 seven bir OnlyFans modeli misiniz? \u00dcniversiteli k\u0131zlar medya ba\u015fl\u0131k paketimiz, hizmetlerinizi tan\u0131tman\u0131za ve kitlenizin ilgisini \u00e7ekmenize yard\u0131mc\u0131 olmak i\u00e7in burada!<\/p>\n<p>\u00d6rnekler:<\/p>\n<ul>\n<li><span data-sheets-value=\"{&quot;1&quot;:2,&quot;2&quot;:&quot;Because college isn't all about classes! \ud83e\udd29 I'm feeling extra naughty and sexy today, so come join my OnlyFans to find out why. I'm always up for talking with my fans, so don't be shy! Let's get wild and have some fun...I promise you won't regret it. \ud83d\ude09 &quot;}\" data-sheets-userformat=\"{&quot;2&quot;:14656,&quot;9&quot;:0,&quot;11&quot;:4,&quot;14&quot;:{&quot;1&quot;:2,&quot;2&quot;:0},&quot;15&quot;:&quot;Verdana&quot;,&quot;16&quot;:11}\">\u00c7\u00fcnk\u00fc \u00fcniversite sadece derslerden ibaret de\u011fildir! \ud83e\udd29 Bug\u00fcn kendimi ekstra yaramaz ve seksi hissediyorum, bu y\u00fczden nedenini \u00f6\u011frenmek i\u00e7in gelin OnlyFans'\u0131ma kat\u0131l\u0131n. Hayranlar\u0131mla konu\u015fmak i\u00e7in her zaman haz\u0131r\u0131m, bu y\u00fczden utanmay\u0131n! Hadi vah\u015file\u015felim ve biraz e\u011flenelim... S\u00f6z veriyorum pi\u015fman olmayacaks\u0131n\u0131z \ud83d\ude09 <\/span><\/li>\n<li><span data-sheets-value=\"{&quot;1&quot;:2,&quot;2&quot;:&quot;I'm the college slut you've been dreaming about \ud83e\udd29 Pretty, sexy and smart - I'm the complete package! Got a question for me? DM me to talk all things naughty. Whether it's my favorite class or what I *really* like in bed \ud83d\ude09 Let's get dirty \ud83d\ude08 &quot;}\" data-sheets-userformat=\"{&quot;2&quot;:14656,&quot;9&quot;:0,&quot;11&quot;:4,&quot;14&quot;:{&quot;1&quot;:2,&quot;2&quot;:0},&quot;15&quot;:&quot;Verdana&quot;,&quot;16&quot;:11}\">Ben hayalini kurdu\u011fun \u00fcniversiteli s\u00fcrt\u00fc\u011f\u00fcm \ud83e\udd29 G\u00fczel, seksi ve ak\u0131ll\u0131 - ben tam bir paketim! Bana bir sorunuz mu var? Yaramaz olan her \u015feyi konu\u015fmak i\u00e7in bana DM at\u0131n. En sevdi\u011fim s\u0131n\u0131f ya da yatakta * ger\u00e7ekten * neyi sevdi\u011fim olsun \ud83d\ude09 Hadi kirlenelim \ud83d\ude08 <\/span><\/li>\n<li><span data-sheets-value=\"{&quot;1&quot;:2,&quot;2&quot;:&quot;The best part of college? \ud83e\udd29 Learning all the naughty secrets in my favorite classes! \ud83e\udd2a Come talk with me, I\u2019m always up for some fun conversation. And maybe something more? \ud83d\ude09 &quot;}\" data-sheets-userformat=\"{&quot;2&quot;:14656,&quot;9&quot;:0,&quot;11&quot;:4,&quot;14&quot;:{&quot;1&quot;:2,&quot;2&quot;:0},&quot;15&quot;:&quot;Verdana&quot;,&quot;16&quot;:11}\">\u00dcniversitenin en iyi yan\u0131? \ud83e\udd29 En sevdi\u011fim derslerde t\u00fcm yaramaz s\u0131rlar\u0131 \u00f6\u011frenmek! \ud83e\udd2a Gel benimle konu\u015f, her zaman e\u011flenceli bir sohbete haz\u0131r\u0131m. Ve belki daha fazlas\u0131? \ud83d\ude09 <\/span><\/li>\n<\/ul>","protected":false},"featured_media":1234,"comment_status":"open","ping_status":"closed","template":"","meta":[],"product_brand":[],"product_cat":[22],"product_tag":[25],"class_list":{"0":"post-661","1":"product","2":"type-product","3":"status-publish","4":"has-post-thumbnail","6":"product_cat-captions","7":"product_tag-college","8":"infinite-scroll-item","9":"no-featured-image-padding","10":"sales-flash-overlay","11":"woocommerce-text-align-center","12":"woocommerce-image-align-center","13":"wc-has-gallery","15":"first","16":"instock","17":"downloadable","18":"virtual","19":"sold-individually","20":"purchasable","21":"product-type-simple"},"aioseo_notices":[],"_links":{"self":[{"href":"https:\/\/subtomy.com\/tr\/wp-json\/wp\/v2\/product\/661","targetHints":{"allow":["GET"]}}],"collection":[{"href":"https:\/\/subtomy.com\/tr\/wp-json\/wp\/v2\/product"}],"about":[{"href":"https:\/\/subtomy.com\/tr\/wp-json\/wp\/v2\/types\/product"}],"replies":[{"embeddable":true,"href":"https:\/\/subtomy.com\/tr\/wp-json\/wp\/v2\/comments?post=661"}],"wp:featuredmedia":[{"embeddable":true,"href":"https:\/\/subtomy.com\/tr\/wp-json\/wp\/v2\/media\/1234"}],"wp:attachment":[{"href":"https:\/\/subtomy.com\/tr\/wp-json\/wp\/v2\/media?parent=661"}],"wp:term":[{"taxonomy":"product_brand","embeddable":true,"href":"https:\/\/subtomy.com\/tr\/wp-json\/wp\/v2\/product_brand?post=661"},{"taxonomy":"product_cat","embeddable":true,"href":"https:\/\/subtomy.com\/tr\/wp-json\/wp\/v2\/product_cat?post=661"},{"taxonomy":"product_tag","embeddable":true,"href":"https:\/\/subtomy.com\/tr\/wp-json\/wp\/v2\/product_tag?post=661"}],"curies":[{"name":"wp","href":"https:\/\/api.w.org\/{rel}","templated":true}]}}