{"id":679,"date":"2023-04-18T00:06:28","date_gmt":"2023-04-18T05:06:28","guid":{"rendered":"https:\/\/shop.cammodelagency.com\/?post_type=product&#038;p=679"},"modified":"2024-03-28T00:36:42","modified_gmt":"2024-03-28T05:36:42","slug":"gay-male-captions","status":"publish","type":"product","link":"https:\/\/subtomy.com\/tr\/urun\/gay-male-captions\/","title":{"rendered":"OnlyFans, Reddit, Sosyal Medya vb. i\u00e7in 100+ E\u015fcinsel Erkek Ba\u015fl\u0131\u011f\u0131"},"content":{"rendered":"<p>Introducing the ultimate solution for gay male OnlyFans models looking to enhance their social media presence and attract more followers: the Gay Male Social Media Caption Pack. This pack is specifically designed for models who are selling services on OnlyFans and includes a wide range of engaging and attention-grabbing captions that are sure to get your audience talking.<\/p>\n<p>Whether you&#8217;re looking to showcase your latest content, promote your upcoming events, or simply keep your followers entertained and engaged, this caption pack has everything you need. From flirtatious one-liners to provocative questions, our captions are carefully crafted to appeal to a gay male audience and keep your content fresh and exciting.<\/p>\n<p>\u00d6rnekler:<\/p>\n<ul>\n<li><span data-sheets-value=\"{&quot;1&quot;:2,&quot;2&quot;:&quot;Don't you wish you could be my \ud83e\udd0e? Come get to know me better on OnlyFans and see what I'm all about. \ud83d\udd25 Let's explore every inch of each other and have some naughty fun. #gayonlyfans&quot;}\" data-sheets-userformat=\"{&quot;2&quot;:8961,&quot;3&quot;:{&quot;1&quot;:0},&quot;11&quot;:4,&quot;12&quot;:0,&quot;16&quot;:12}\">Don&#8217;t you wish you could be my \ud83e\udd0e? Come get to know me better on OnlyFans and see what I&#8217;m all about. \ud83d\udd25 Let&#8217;s explore every inch of each other and have some naughty fun. #gayonlyfans<\/span><\/li>\n<li><span data-sheets-value=\"{&quot;1&quot;:2,&quot;2&quot;:&quot;I'm the \ud83d\udd25 gay boy you dream about! Let's chat and flirt, and who knows where it might lead? I'm always looking for new adventures with my fans\u2014let's get wild together! &quot;}\" data-sheets-userformat=\"{&quot;2&quot;:14656,&quot;9&quot;:0,&quot;11&quot;:4,&quot;14&quot;:{&quot;1&quot;:2,&quot;2&quot;:0},&quot;15&quot;:&quot;Verdana&quot;,&quot;16&quot;:11}\">I&#8217;m the \ud83d\udd25 gay boy you dream about! Let&#8217;s chat and flirt, and who knows where it might lead? I&#8217;m always looking for new adventures with my fans\u2014let&#8217;s get wild together! <\/span><\/li>\n<li><span data-sheets-value=\"{&quot;1&quot;:2,&quot;2&quot;:&quot;Sexy, single &amp; ready to mingle \ud83e\udd29\ud83d\udca6 Interested in getting to know me better? DM me and let's get the conversation started \ud83d\ude0c #gay #horny #singleandreadytomingle&quot;}\" data-sheets-userformat=\"{&quot;2&quot;:8961,&quot;3&quot;:{&quot;1&quot;:0},&quot;11&quot;:4,&quot;12&quot;:0,&quot;16&quot;:12}\">Sexy, single &amp; ready to mingle \ud83e\udd29\ud83d\udca6 Interested in getting to know me better? DM me and let&#8217;s get the conversation started \ud83d\ude0c #gay #horny #singleandreadytomingle<\/span><\/li>\n<\/ul>\n<p>E\u011fer OnlyFans i\u015finizi bir sonraki seviyeye ta\u015f\u0131maya haz\u0131rsan\u0131z, daha fazla beklemeyin. G\u00fc\u00e7l\u00fc Erkek Sosyal Medya Ba\u015fl\u0131k Paketini bug\u00fcn sipari\u015f edin ve kalabal\u0131\u011f\u0131n aras\u0131ndan s\u0131yr\u0131lmaya ba\u015flay\u0131n!<\/p>","protected":false},"excerpt":{"rendered":"<p>Introducing the ultimate solution for gay male OnlyFans models looking to enhance their social media presence and attract more followers: the Gay Male Social Media Caption Pack.<\/p>\n<p>\u00d6rnekler:<\/p>\n<ul>\n<li><span data-sheets-value=\"{&quot;1&quot;:2,&quot;2&quot;:&quot;Don't you wish you could be my \ud83e\udd0e? Come get to know me better on OnlyFans and see what I'm all about. \ud83d\udd25 Let's explore every inch of each other and have some naughty fun. #gayonlyfans&quot;}\" data-sheets-userformat=\"{&quot;2&quot;:8961,&quot;3&quot;:{&quot;1&quot;:0},&quot;11&quot;:4,&quot;12&quot;:0,&quot;16&quot;:12}\">Don&#8217;t you wish you could be my \ud83e\udd0e? Come get to know me better on OnlyFans and see what I&#8217;m all about. \ud83d\udd25 Let&#8217;s explore every inch of each other and have some naughty fun. #gayonlyfans<\/span><\/li>\n<li><span data-sheets-value=\"{&quot;1&quot;:2,&quot;2&quot;:&quot;I'm the \ud83d\udd25 gay boy you dream about! Let's chat and flirt, and who knows where it might lead? I'm always looking for new adventures with my fans\u2014let's get wild together! &quot;}\" data-sheets-userformat=\"{&quot;2&quot;:14656,&quot;9&quot;:0,&quot;11&quot;:4,&quot;14&quot;:{&quot;1&quot;:2,&quot;2&quot;:0},&quot;15&quot;:&quot;Verdana&quot;,&quot;16&quot;:11}\">I&#8217;m the \ud83d\udd25 gay boy you dream about! Let&#8217;s chat and flirt, and who knows where it might lead? I&#8217;m always looking for new adventures with my fans\u2014let&#8217;s get wild together! <\/span><\/li>\n<li><span data-sheets-value=\"{&quot;1&quot;:2,&quot;2&quot;:&quot;Sexy, single &amp; ready to mingle \ud83e\udd29\ud83d\udca6 Interested in getting to know me better? DM me and let's get the conversation started \ud83d\ude0c #gay #horny #singleandreadytomingle&quot;}\" data-sheets-userformat=\"{&quot;2&quot;:8961,&quot;3&quot;:{&quot;1&quot;:0},&quot;11&quot;:4,&quot;12&quot;:0,&quot;16&quot;:12}\">Sexy, single &amp; ready to mingle \ud83e\udd29\ud83d\udca6 Interested in getting to know me better? DM me and let&#8217;s get the conversation started \ud83d\ude0c #gay #horny #singleandreadytomingle<\/span><\/li>\n<\/ul>","protected":false},"featured_media":2324,"comment_status":"open","ping_status":"closed","template":"","meta":[],"product_brand":[],"product_cat":[22],"product_tag":[33],"class_list":{"0":"post-679","1":"product","2":"type-product","3":"status-publish","4":"has-post-thumbnail","6":"product_cat-captions","7":"product_tag-men","8":"infinite-scroll-item","9":"no-featured-image-padding","10":"sales-flash-overlay","11":"woocommerce-text-align-center","12":"woocommerce-image-align-center","13":"wc-has-gallery","15":"first","16":"instock","17":"downloadable","18":"virtual","19":"sold-individually","20":"purchasable","21":"product-type-simple"},"aioseo_notices":[],"_links":{"self":[{"href":"https:\/\/subtomy.com\/tr\/wp-json\/wp\/v2\/product\/679","targetHints":{"allow":["GET"]}}],"collection":[{"href":"https:\/\/subtomy.com\/tr\/wp-json\/wp\/v2\/product"}],"about":[{"href":"https:\/\/subtomy.com\/tr\/wp-json\/wp\/v2\/types\/product"}],"replies":[{"embeddable":true,"href":"https:\/\/subtomy.com\/tr\/wp-json\/wp\/v2\/comments?post=679"}],"wp:featuredmedia":[{"embeddable":true,"href":"https:\/\/subtomy.com\/tr\/wp-json\/wp\/v2\/media\/2324"}],"wp:attachment":[{"href":"https:\/\/subtomy.com\/tr\/wp-json\/wp\/v2\/media?parent=679"}],"wp:term":[{"taxonomy":"product_brand","embeddable":true,"href":"https:\/\/subtomy.com\/tr\/wp-json\/wp\/v2\/product_brand?post=679"},{"taxonomy":"product_cat","embeddable":true,"href":"https:\/\/subtomy.com\/tr\/wp-json\/wp\/v2\/product_cat?post=679"},{"taxonomy":"product_tag","embeddable":true,"href":"https:\/\/subtomy.com\/tr\/wp-json\/wp\/v2\/product_tag?post=679"}],"curies":[{"name":"wp","href":"https:\/\/api.w.org\/{rel}","templated":true}]}}